{"id":8,"date":"2015-10-27T18:13:23","date_gmt":"2015-10-27T17:13:23","guid":{"rendered":"http:\/\/ssdprestation.com\/ssdprestation\/?page_id=8"},"modified":"2017-07-05T14:05:48","modified_gmt":"2017-07-05T13:05:48","slug":"nous-rejoindre","status":"publish","type":"page","link":"https:\/\/ssdprestation.com\/index.php\/nous-rejoindre\/","title":{"rendered":"Nous rejoindre"},"content":{"rendered":"<p><strong>\u00a0<\/strong><strong><span style=\"color: #666699;\">Dans le cadre de son d\u00e9veloppement SSD PRESTATION recrute des collaborateurs.<\/span><br \/>\n<\/strong><\/p>\n<p>Une exp\u00e9rience est un plus mais notre soci\u00e9t\u00e9 est plus sensible au savoir \u00eatre qu\u2019au savoir faire.<\/p>\n<p style=\"padding-left: 90px;\"><a href=\"http:\/\/ssdprestation.com\/wp-content\/uploads\/2015\/10\/image6.jpg\"><img loading=\"lazy\" class=\"alignleft wp-image-27 size-full\" title=\"Rejoindre l'\u00e9quipde de SSD prestation\" src=\"http:\/\/ssdprestation.com\/wp-content\/uploads\/2015\/10\/image6.jpg\" alt=\"image6\" width=\"208\" height=\"242\" \/><\/a><\/p>\n<p style=\"text-align: center;\"><span style=\"text-decoration: underline;\"><br \/>\nPour postuler :<\/span><br \/>\nEnvoyer votre CV + lettre de motivation<\/p>\n<p style=\"text-align: center;\">par email \u00e0 :\u00a0<span style=\"color: #ff0000;\">\u00a0<a style=\"color: #ff0000;\" href=\"mailto:recrutement@ssdprestation.com\" target=\"_blank\" rel=\"noopener\">recrutement@ssdprestation.com<\/a>\u00a0\u00a0<\/span><\/p>\n<p>&nbsp;<\/p>\n<p>&nbsp;<\/p>\n<p>&nbsp;<\/p>\n<p><em><span style=\"text-decoration: underline;\">Profil recherch\u00e9 :<\/span><\/em><br \/>\n\u2013 Ma\u00eetrise parfaite de la langue fran\u00e7aise<span class=\"text_exposed_show\"><br \/>\n\u2013 Ayant minimum une exp\u00e9rience de 12 mois dans le domaine de prise de rendez-vous en centre d\u2019appels (\u00e9mission d\u2019appel)<br \/>\n\u2013 Ayant un bon sens commercial et un esprit d\u2019\u00e9quipe<br \/>\n\u2013 S\u00e9rieux, autonome et motiv\u00e9<\/span><\/p>\n","protected":false},"excerpt":{"rendered":"<p>\u00a0Dans le cadre de son d\u00e9veloppement SSD PRESTATION recrute des collaborateurs. Une exp\u00e9rience est un plus mais notre soci\u00e9t\u00e9 est plus sensible au savoir \u00eatre qu\u2019au savoir faire. Pour postuler : Envoyer votre CV + lettre de motivation par email \u00e0 :\u00a0\u00a0recrutement@ssdprestation.com\u00a0\u00a0 &nbsp; &nbsp; &nbsp; Profil recherch\u00e9 : \u2013 Ma\u00eetrise parfaite de la langue fran\u00e7aise [&hellip;]<\/p>\n","protected":false},"author":1,"featured_media":0,"parent":0,"menu_order":4,"comment_status":"closed","ping_status":"closed","template":"page-templates\/full-width.php","meta":[],"yoast_head":"<!-- This site is optimized with the Yoast SEO plugin v17.5 - https:\/\/yoast.com\/wordpress\/plugins\/seo\/ -->\n<title>Nous rejoindre - SSD prestation<\/title>\n<meta name=\"robots\" content=\"index, follow, max-snippet:-1, max-image-preview:large, max-video-preview:-1\" \/>\n<link rel=\"canonical\" href=\"https:\/\/ssdprestation.com\/index.php\/nous-rejoindre\/\" \/>\n<meta property=\"og:locale\" content=\"fr_FR\" \/>\n<meta property=\"og:type\" content=\"article\" \/>\n<meta property=\"og:title\" content=\"Nous rejoindre - SSD prestation\" \/>\n<meta property=\"og:description\" content=\"\u00a0Dans le cadre de son d\u00e9veloppement SSD PRESTATION recrute des collaborateurs. Une exp\u00e9rience est un plus mais notre soci\u00e9t\u00e9 est plus sensible au savoir \u00eatre qu\u2019au savoir faire. Pour postuler : Envoyer votre CV + lettre de motivation par email \u00e0 :\u00a0\u00a0recrutement@ssdprestation.com\u00a0\u00a0 &nbsp; &nbsp; &nbsp; Profil recherch\u00e9 : \u2013 Ma\u00eetrise parfaite de la langue fran\u00e7aise [&hellip;]\" \/>\n<meta property=\"og:url\" content=\"https:\/\/ssdprestation.com\/index.php\/nous-rejoindre\/\" \/>\n<meta property=\"og:site_name\" content=\"SSD prestation\" \/>\n<meta property=\"article:publisher\" content=\"https:\/\/www.facebook.com\/SSD-Prestation-408398522686955\/\" \/>\n<meta property=\"article:modified_time\" content=\"2017-07-05T13:05:48+00:00\" \/>\n<meta property=\"og:image\" content=\"http:\/\/ssdprestation.com\/wp-content\/uploads\/2015\/10\/image6.jpg\" \/>\n<meta name=\"twitter:card\" content=\"summary\" \/>\n<script type=\"application\/ld+json\" class=\"yoast-schema-graph\">{\"@context\":\"https:\/\/schema.org\",\"@graph\":[{\"@type\":\"Organization\",\"@id\":\"https:\/\/ssdprestation.com\/#organization\",\"name\":\"SSD prestation\",\"url\":\"https:\/\/ssdprestation.com\/\",\"sameAs\":[\"https:\/\/www.facebook.com\/SSD-Prestation-408398522686955\/\"],\"logo\":{\"@type\":\"ImageObject\",\"@id\":\"https:\/\/ssdprestation.com\/#logo\",\"inLanguage\":\"fr-FR\",\"url\":\"http:\/\/ssdprestation.com\/wp-content\/uploads\/2015\/11\/logo-SSDprestation_130.jpg\",\"contentUrl\":\"http:\/\/ssdprestation.com\/wp-content\/uploads\/2015\/11\/logo-SSDprestation_130.jpg\",\"width\":129,\"height\":101,\"caption\":\"SSD prestation\"},\"image\":{\"@id\":\"https:\/\/ssdprestation.com\/#logo\"}},{\"@type\":\"WebSite\",\"@id\":\"https:\/\/ssdprestation.com\/#website\",\"url\":\"https:\/\/ssdprestation.com\/\",\"name\":\"SSD prestation\",\"description\":\"Centre d&#039;appels, ile Maurice , call center\",\"publisher\":{\"@id\":\"https:\/\/ssdprestation.com\/#organization\"},\"potentialAction\":[{\"@type\":\"SearchAction\",\"target\":{\"@type\":\"EntryPoint\",\"urlTemplate\":\"https:\/\/ssdprestation.com\/?s={search_term_string}\"},\"query-input\":\"required name=search_term_string\"}],\"inLanguage\":\"fr-FR\"},{\"@type\":\"ImageObject\",\"@id\":\"https:\/\/ssdprestation.com\/index.php\/nous-rejoindre\/#primaryimage\",\"inLanguage\":\"fr-FR\",\"url\":\"http:\/\/ssdprestation.com\/wp-content\/uploads\/2015\/10\/image6.jpg\",\"contentUrl\":\"http:\/\/ssdprestation.com\/wp-content\/uploads\/2015\/10\/image6.jpg\"},{\"@type\":\"WebPage\",\"@id\":\"https:\/\/ssdprestation.com\/index.php\/nous-rejoindre\/#webpage\",\"url\":\"https:\/\/ssdprestation.com\/index.php\/nous-rejoindre\/\",\"name\":\"Nous rejoindre - SSD prestation\",\"isPartOf\":{\"@id\":\"https:\/\/ssdprestation.com\/#website\"},\"primaryImageOfPage\":{\"@id\":\"https:\/\/ssdprestation.com\/index.php\/nous-rejoindre\/#primaryimage\"},\"datePublished\":\"2015-10-27T17:13:23+00:00\",\"dateModified\":\"2017-07-05T13:05:48+00:00\",\"breadcrumb\":{\"@id\":\"https:\/\/ssdprestation.com\/index.php\/nous-rejoindre\/#breadcrumb\"},\"inLanguage\":\"fr-FR\",\"potentialAction\":[{\"@type\":\"ReadAction\",\"target\":[\"https:\/\/ssdprestation.com\/index.php\/nous-rejoindre\/\"]}]},{\"@type\":\"BreadcrumbList\",\"@id\":\"https:\/\/ssdprestation.com\/index.php\/nous-rejoindre\/#breadcrumb\",\"itemListElement\":[{\"@type\":\"ListItem\",\"position\":1,\"name\":\"Accueil\",\"item\":\"https:\/\/ssdprestation.com\/\"},{\"@type\":\"ListItem\",\"position\":2,\"name\":\"Nous rejoindre\"}]}]}<\/script>\n<!-- \/ Yoast SEO plugin. -->","yoast_head_json":{"title":"Nous rejoindre - SSD prestation","robots":{"index":"index","follow":"follow","max-snippet":"max-snippet:-1","max-image-preview":"max-image-preview:large","max-video-preview":"max-video-preview:-1"},"canonical":"https:\/\/ssdprestation.com\/index.php\/nous-rejoindre\/","og_locale":"fr_FR","og_type":"article","og_title":"Nous rejoindre - SSD prestation","og_description":"\u00a0Dans le cadre de son d\u00e9veloppement SSD PRESTATION recrute des collaborateurs. Une exp\u00e9rience est un plus mais notre soci\u00e9t\u00e9 est plus sensible au savoir \u00eatre qu\u2019au savoir faire. Pour postuler : Envoyer votre CV + lettre de motivation par email \u00e0 :\u00a0\u00a0recrutement@ssdprestation.com\u00a0\u00a0 &nbsp; &nbsp; &nbsp; Profil recherch\u00e9 : \u2013 Ma\u00eetrise parfaite de la langue fran\u00e7aise [&hellip;]","og_url":"https:\/\/ssdprestation.com\/index.php\/nous-rejoindre\/","og_site_name":"SSD prestation","article_publisher":"https:\/\/www.facebook.com\/SSD-Prestation-408398522686955\/","article_modified_time":"2017-07-05T13:05:48+00:00","og_image":[{"url":"http:\/\/ssdprestation.com\/wp-content\/uploads\/2015\/10\/image6.jpg"}],"twitter_card":"summary","schema":{"@context":"https:\/\/schema.org","@graph":[{"@type":"Organization","@id":"https:\/\/ssdprestation.com\/#organization","name":"SSD prestation","url":"https:\/\/ssdprestation.com\/","sameAs":["https:\/\/www.facebook.com\/SSD-Prestation-408398522686955\/"],"logo":{"@type":"ImageObject","@id":"https:\/\/ssdprestation.com\/#logo","inLanguage":"fr-FR","url":"http:\/\/ssdprestation.com\/wp-content\/uploads\/2015\/11\/logo-SSDprestation_130.jpg","contentUrl":"http:\/\/ssdprestation.com\/wp-content\/uploads\/2015\/11\/logo-SSDprestation_130.jpg","width":129,"height":101,"caption":"SSD prestation"},"image":{"@id":"https:\/\/ssdprestation.com\/#logo"}},{"@type":"WebSite","@id":"https:\/\/ssdprestation.com\/#website","url":"https:\/\/ssdprestation.com\/","name":"SSD prestation","description":"Centre d&#039;appels, ile Maurice , call center","publisher":{"@id":"https:\/\/ssdprestation.com\/#organization"},"potentialAction":[{"@type":"SearchAction","target":{"@type":"EntryPoint","urlTemplate":"https:\/\/ssdprestation.com\/?s={search_term_string}"},"query-input":"required name=search_term_string"}],"inLanguage":"fr-FR"},{"@type":"ImageObject","@id":"https:\/\/ssdprestation.com\/index.php\/nous-rejoindre\/#primaryimage","inLanguage":"fr-FR","url":"http:\/\/ssdprestation.com\/wp-content\/uploads\/2015\/10\/image6.jpg","contentUrl":"http:\/\/ssdprestation.com\/wp-content\/uploads\/2015\/10\/image6.jpg"},{"@type":"WebPage","@id":"https:\/\/ssdprestation.com\/index.php\/nous-rejoindre\/#webpage","url":"https:\/\/ssdprestation.com\/index.php\/nous-rejoindre\/","name":"Nous rejoindre - SSD prestation","isPartOf":{"@id":"https:\/\/ssdprestation.com\/#website"},"primaryImageOfPage":{"@id":"https:\/\/ssdprestation.com\/index.php\/nous-rejoindre\/#primaryimage"},"datePublished":"2015-10-27T17:13:23+00:00","dateModified":"2017-07-05T13:05:48+00:00","breadcrumb":{"@id":"https:\/\/ssdprestation.com\/index.php\/nous-rejoindre\/#breadcrumb"},"inLanguage":"fr-FR","potentialAction":[{"@type":"ReadAction","target":["https:\/\/ssdprestation.com\/index.php\/nous-rejoindre\/"]}]},{"@type":"BreadcrumbList","@id":"https:\/\/ssdprestation.com\/index.php\/nous-rejoindre\/#breadcrumb","itemListElement":[{"@type":"ListItem","position":1,"name":"Accueil","item":"https:\/\/ssdprestation.com\/"},{"@type":"ListItem","position":2,"name":"Nous rejoindre"}]}]}},"_links":{"self":[{"href":"https:\/\/ssdprestation.com\/index.php\/wp-json\/wp\/v2\/pages\/8"}],"collection":[{"href":"https:\/\/ssdprestation.com\/index.php\/wp-json\/wp\/v2\/pages"}],"about":[{"href":"https:\/\/ssdprestation.com\/index.php\/wp-json\/wp\/v2\/types\/page"}],"author":[{"embeddable":true,"href":"https:\/\/ssdprestation.com\/index.php\/wp-json\/wp\/v2\/users\/1"}],"replies":[{"embeddable":true,"href":"https:\/\/ssdprestation.com\/index.php\/wp-json\/wp\/v2\/comments?post=8"}],"version-history":[{"count":26,"href":"https:\/\/ssdprestation.com\/index.php\/wp-json\/wp\/v2\/pages\/8\/revisions"}],"predecessor-version":[{"id":240,"href":"https:\/\/ssdprestation.com\/index.php\/wp-json\/wp\/v2\/pages\/8\/revisions\/240"}],"wp:attachment":[{"href":"https:\/\/ssdprestation.com\/index.php\/wp-json\/wp\/v2\/media?parent=8"}],"curies":[{"name":"wp","href":"https:\/\/api.w.org\/{rel}","templated":true}]}}