{"id":73,"date":"2015-11-03T01:45:36","date_gmt":"2015-11-03T00:45:36","guid":{"rendered":"http:\/\/ssdprestation.com\/ssdprestation\/?page_id=73"},"modified":"2017-07-06T13:52:18","modified_gmt":"2017-07-06T12:52:18","slug":"partenaires","status":"publish","type":"page","link":"https:\/\/ssdprestation.com\/index.php\/partenaires\/","title":{"rendered":"Partenaires"},"content":{"rendered":"<p><span style=\"color: #666699;\"><strong>SSD Prestation s&rsquo;appuie sur des partenaires technologiques de qualit\u00e9\u00a0<\/strong><\/span><\/p>\n<p><a href=\"http:\/\/ssdprestation.com\/wp-content\/uploads\/2015\/10\/logo-vocalcom.png\">\u00a0<\/a><a href=\"https:\/\/www.ovh.com\/fr\/\" target=\"_blank\" rel=\"noopener\"><img loading=\"lazy\" class=\"alignnone wp-image-136 size-medium\" title=\"OVH : h\u00e9bergement web simple, rapide et flexible\" src=\"http:\/\/ssdprestation.com\/wp-content\/uploads\/2015\/11\/logo-ovh-300x109.png\" alt=\"logo-ovh\" width=\"300\" height=\"109\" srcset=\"https:\/\/ssdprestation.com\/wp-content\/uploads\/2015\/11\/logo-ovh-300x109.png 300w, https:\/\/ssdprestation.com\/wp-content\/uploads\/2015\/11\/logo-ovh-3x1.png 3w, https:\/\/ssdprestation.com\/wp-content\/uploads\/2015\/11\/logo-ovh.png 550w\" sizes=\"(max-width: 300px) 100vw, 300px\" \/><\/a>\u00a0 \u00a0 \u00a0 \u00a0 \u00a0<a href=\"http:\/\/www.vocalcom.fr\/\" target=\"_blank\" rel=\"noopener\"><img loading=\"lazy\" class=\"alignnone wp-image-38 size-medium\" title=\"VOCALCOM : logiciel centres d\u2019appels et de gestion de l\u2019exp\u00e9rience client\" src=\"http:\/\/ssdprestation.com\/wp-content\/uploads\/2015\/10\/logo-vocalcom-300x188.png\" alt=\"logo-vocalcom\" width=\"300\" height=\"188\" srcset=\"https:\/\/ssdprestation.com\/wp-content\/uploads\/2015\/10\/logo-vocalcom-300x188.png 300w, https:\/\/ssdprestation.com\/wp-content\/uploads\/2015\/10\/logo-vocalcom.png 600w\" sizes=\"(max-width: 300px) 100vw, 300px\" \/><\/a><a href=\"http:\/\/www.microsoft.com\/enterprise\/fr-fr\/\" target=\"_blank\" rel=\"noopener\">\u00a0 \u00a0<\/a><a href=\"http:\/\/www.microsoft.com\/enterprise\/fr-fr\/\" target=\"_blank\" rel=\"noopener\"><img loading=\"lazy\" class=\"alignnone wp-image-78 size-full\" title=\"Microsoft : solutions informatiques professionnels et performantes\" src=\"http:\/\/ssdprestation.com\/wp-content\/uploads\/2015\/11\/logo-microsoft.png\" alt=\"logo-microsoft\" width=\"370\" height=\"136\" srcset=\"https:\/\/ssdprestation.com\/wp-content\/uploads\/2015\/11\/logo-microsoft.png 370w, https:\/\/ssdprestation.com\/wp-content\/uploads\/2015\/11\/logo-microsoft-300x110.png 300w, https:\/\/ssdprestation.com\/wp-content\/uploads\/2015\/11\/logo-microsoft-3x1.png 3w\" sizes=\"(max-width: 370px) 100vw, 370px\" \/><\/a><a href=\"https:\/\/fr.talend.com\/\" target=\"_blank\" rel=\"noopener\"><img loading=\"lazy\" class=\"alignnone wp-image-137 size-medium\" title=\"TALEND: plateforme compl\u00e8te d'int\u00e9gration, de transformation et de commuication des donn\u00e9es intra-entreprises\" src=\"http:\/\/ssdprestation.com\/wp-content\/uploads\/2015\/11\/logo-talend-300x133.png\" alt=\"logo-talend\" width=\"300\" height=\"133\" srcset=\"https:\/\/ssdprestation.com\/wp-content\/uploads\/2015\/11\/logo-talend-300x133.png 300w, https:\/\/ssdprestation.com\/wp-content\/uploads\/2015\/11\/logo-talend-2x1.png 2w, https:\/\/ssdprestation.com\/wp-content\/uploads\/2015\/11\/logo-talend.png 450w\" sizes=\"(max-width: 300px) 100vw, 300px\" \/><\/a><\/p>\n<p><a href=\"https:\/\/www.opentrust.com\/\" target=\"_blank\" rel=\"noopener\"><img loading=\"lazy\" class=\"alignnone wp-image-75\" title=\"OpenTrust : d\u00e9veloppement, int\u00e9gration, d\u00e9ploiement et maintenance de solutions dans les infrastructures de s\u00e9curit\u00e9 et de confiance\" src=\"http:\/\/ssdprestation.com\/\/wp-content\/uploads\/2015\/11\/Logo_OpenTrust.gif\" alt=\"Logo_OpenTrust\" width=\"340\" height=\"76\" \/><\/a><a href=\"http:\/\/ssdprestation.com\/wp-content\/uploads\/2015\/11\/logo-yousign-basline.jpg\"><img loading=\"lazy\" class=\"alignnone  wp-image-295\" src=\"http:\/\/ssdprestation.com\/wp-content\/uploads\/2015\/11\/logo-yousign-basline.jpg\" alt=\"\" width=\"305\" height=\"79\" srcset=\"https:\/\/ssdprestation.com\/wp-content\/uploads\/2015\/11\/logo-yousign-basline.jpg 441w, https:\/\/ssdprestation.com\/wp-content\/uploads\/2015\/11\/logo-yousign-basline-300x78.jpg 300w, https:\/\/ssdprestation.com\/wp-content\/uploads\/2015\/11\/logo-yousign-basline-4x1.jpg 4w\" sizes=\"(max-width: 305px) 100vw, 305px\" \/><\/a><\/p>\n<p>&nbsp;<\/p>\n","protected":false},"excerpt":{"rendered":"<p>SSD Prestation s&rsquo;appuie sur des partenaires technologiques de qualit\u00e9\u00a0 \u00a0\u00a0 \u00a0 \u00a0 \u00a0 \u00a0\u00a0 \u00a0 &nbsp;<\/p>\n","protected":false},"author":1,"featured_media":0,"parent":0,"menu_order":0,"comment_status":"closed","ping_status":"closed","template":"page-templates\/full-width.php","meta":[],"yoast_head":"<!-- This site is optimized with the Yoast SEO plugin v17.5 - https:\/\/yoast.com\/wordpress\/plugins\/seo\/ -->\n<title>Partenaires - SSD prestation<\/title>\n<meta name=\"robots\" content=\"index, follow, max-snippet:-1, max-image-preview:large, max-video-preview:-1\" \/>\n<link rel=\"canonical\" href=\"https:\/\/ssdprestation.com\/index.php\/partenaires\/\" \/>\n<meta property=\"og:locale\" content=\"fr_FR\" \/>\n<meta property=\"og:type\" content=\"article\" \/>\n<meta property=\"og:title\" content=\"Partenaires - SSD prestation\" \/>\n<meta property=\"og:description\" content=\"SSD Prestation s&rsquo;appuie sur des partenaires technologiques de qualit\u00e9\u00a0 \u00a0\u00a0 \u00a0 \u00a0 \u00a0 \u00a0\u00a0 \u00a0 &nbsp;\" \/>\n<meta property=\"og:url\" content=\"https:\/\/ssdprestation.com\/index.php\/partenaires\/\" \/>\n<meta property=\"og:site_name\" content=\"SSD prestation\" \/>\n<meta property=\"article:publisher\" content=\"https:\/\/www.facebook.com\/SSD-Prestation-408398522686955\/\" \/>\n<meta property=\"article:modified_time\" content=\"2017-07-06T12:52:18+00:00\" \/>\n<meta property=\"og:image\" content=\"http:\/\/ssdprestation.com\/wp-content\/uploads\/2015\/11\/logo-ovh-300x109.png\" \/>\n<meta name=\"twitter:card\" content=\"summary\" \/>\n<script type=\"application\/ld+json\" class=\"yoast-schema-graph\">{\"@context\":\"https:\/\/schema.org\",\"@graph\":[{\"@type\":\"Organization\",\"@id\":\"https:\/\/ssdprestation.com\/#organization\",\"name\":\"SSD prestation\",\"url\":\"https:\/\/ssdprestation.com\/\",\"sameAs\":[\"https:\/\/www.facebook.com\/SSD-Prestation-408398522686955\/\"],\"logo\":{\"@type\":\"ImageObject\",\"@id\":\"https:\/\/ssdprestation.com\/#logo\",\"inLanguage\":\"fr-FR\",\"url\":\"http:\/\/ssdprestation.com\/wp-content\/uploads\/2015\/11\/logo-SSDprestation_130.jpg\",\"contentUrl\":\"http:\/\/ssdprestation.com\/wp-content\/uploads\/2015\/11\/logo-SSDprestation_130.jpg\",\"width\":129,\"height\":101,\"caption\":\"SSD prestation\"},\"image\":{\"@id\":\"https:\/\/ssdprestation.com\/#logo\"}},{\"@type\":\"WebSite\",\"@id\":\"https:\/\/ssdprestation.com\/#website\",\"url\":\"https:\/\/ssdprestation.com\/\",\"name\":\"SSD prestation\",\"description\":\"Centre d&#039;appels, ile Maurice , call center\",\"publisher\":{\"@id\":\"https:\/\/ssdprestation.com\/#organization\"},\"potentialAction\":[{\"@type\":\"SearchAction\",\"target\":{\"@type\":\"EntryPoint\",\"urlTemplate\":\"https:\/\/ssdprestation.com\/?s={search_term_string}\"},\"query-input\":\"required name=search_term_string\"}],\"inLanguage\":\"fr-FR\"},{\"@type\":\"ImageObject\",\"@id\":\"https:\/\/ssdprestation.com\/index.php\/partenaires\/#primaryimage\",\"inLanguage\":\"fr-FR\",\"url\":\"http:\/\/ssdprestation.com\/wp-content\/uploads\/2015\/11\/logo-ovh-300x109.png\",\"contentUrl\":\"http:\/\/ssdprestation.com\/wp-content\/uploads\/2015\/11\/logo-ovh-300x109.png\"},{\"@type\":\"WebPage\",\"@id\":\"https:\/\/ssdprestation.com\/index.php\/partenaires\/#webpage\",\"url\":\"https:\/\/ssdprestation.com\/index.php\/partenaires\/\",\"name\":\"Partenaires - SSD prestation\",\"isPartOf\":{\"@id\":\"https:\/\/ssdprestation.com\/#website\"},\"primaryImageOfPage\":{\"@id\":\"https:\/\/ssdprestation.com\/index.php\/partenaires\/#primaryimage\"},\"datePublished\":\"2015-11-03T00:45:36+00:00\",\"dateModified\":\"2017-07-06T12:52:18+00:00\",\"breadcrumb\":{\"@id\":\"https:\/\/ssdprestation.com\/index.php\/partenaires\/#breadcrumb\"},\"inLanguage\":\"fr-FR\",\"potentialAction\":[{\"@type\":\"ReadAction\",\"target\":[\"https:\/\/ssdprestation.com\/index.php\/partenaires\/\"]}]},{\"@type\":\"BreadcrumbList\",\"@id\":\"https:\/\/ssdprestation.com\/index.php\/partenaires\/#breadcrumb\",\"itemListElement\":[{\"@type\":\"ListItem\",\"position\":1,\"name\":\"Accueil\",\"item\":\"https:\/\/ssdprestation.com\/\"},{\"@type\":\"ListItem\",\"position\":2,\"name\":\"Partenaires\"}]}]}<\/script>\n<!-- \/ Yoast SEO plugin. -->","yoast_head_json":{"title":"Partenaires - SSD prestation","robots":{"index":"index","follow":"follow","max-snippet":"max-snippet:-1","max-image-preview":"max-image-preview:large","max-video-preview":"max-video-preview:-1"},"canonical":"https:\/\/ssdprestation.com\/index.php\/partenaires\/","og_locale":"fr_FR","og_type":"article","og_title":"Partenaires - SSD prestation","og_description":"SSD Prestation s&rsquo;appuie sur des partenaires technologiques de qualit\u00e9\u00a0 \u00a0\u00a0 \u00a0 \u00a0 \u00a0 \u00a0\u00a0 \u00a0 &nbsp;","og_url":"https:\/\/ssdprestation.com\/index.php\/partenaires\/","og_site_name":"SSD prestation","article_publisher":"https:\/\/www.facebook.com\/SSD-Prestation-408398522686955\/","article_modified_time":"2017-07-06T12:52:18+00:00","og_image":[{"url":"http:\/\/ssdprestation.com\/wp-content\/uploads\/2015\/11\/logo-ovh-300x109.png"}],"twitter_card":"summary","schema":{"@context":"https:\/\/schema.org","@graph":[{"@type":"Organization","@id":"https:\/\/ssdprestation.com\/#organization","name":"SSD prestation","url":"https:\/\/ssdprestation.com\/","sameAs":["https:\/\/www.facebook.com\/SSD-Prestation-408398522686955\/"],"logo":{"@type":"ImageObject","@id":"https:\/\/ssdprestation.com\/#logo","inLanguage":"fr-FR","url":"http:\/\/ssdprestation.com\/wp-content\/uploads\/2015\/11\/logo-SSDprestation_130.jpg","contentUrl":"http:\/\/ssdprestation.com\/wp-content\/uploads\/2015\/11\/logo-SSDprestation_130.jpg","width":129,"height":101,"caption":"SSD prestation"},"image":{"@id":"https:\/\/ssdprestation.com\/#logo"}},{"@type":"WebSite","@id":"https:\/\/ssdprestation.com\/#website","url":"https:\/\/ssdprestation.com\/","name":"SSD prestation","description":"Centre d&#039;appels, ile Maurice , call center","publisher":{"@id":"https:\/\/ssdprestation.com\/#organization"},"potentialAction":[{"@type":"SearchAction","target":{"@type":"EntryPoint","urlTemplate":"https:\/\/ssdprestation.com\/?s={search_term_string}"},"query-input":"required name=search_term_string"}],"inLanguage":"fr-FR"},{"@type":"ImageObject","@id":"https:\/\/ssdprestation.com\/index.php\/partenaires\/#primaryimage","inLanguage":"fr-FR","url":"http:\/\/ssdprestation.com\/wp-content\/uploads\/2015\/11\/logo-ovh-300x109.png","contentUrl":"http:\/\/ssdprestation.com\/wp-content\/uploads\/2015\/11\/logo-ovh-300x109.png"},{"@type":"WebPage","@id":"https:\/\/ssdprestation.com\/index.php\/partenaires\/#webpage","url":"https:\/\/ssdprestation.com\/index.php\/partenaires\/","name":"Partenaires - SSD prestation","isPartOf":{"@id":"https:\/\/ssdprestation.com\/#website"},"primaryImageOfPage":{"@id":"https:\/\/ssdprestation.com\/index.php\/partenaires\/#primaryimage"},"datePublished":"2015-11-03T00:45:36+00:00","dateModified":"2017-07-06T12:52:18+00:00","breadcrumb":{"@id":"https:\/\/ssdprestation.com\/index.php\/partenaires\/#breadcrumb"},"inLanguage":"fr-FR","potentialAction":[{"@type":"ReadAction","target":["https:\/\/ssdprestation.com\/index.php\/partenaires\/"]}]},{"@type":"BreadcrumbList","@id":"https:\/\/ssdprestation.com\/index.php\/partenaires\/#breadcrumb","itemListElement":[{"@type":"ListItem","position":1,"name":"Accueil","item":"https:\/\/ssdprestation.com\/"},{"@type":"ListItem","position":2,"name":"Partenaires"}]}]}},"_links":{"self":[{"href":"https:\/\/ssdprestation.com\/index.php\/wp-json\/wp\/v2\/pages\/73"}],"collection":[{"href":"https:\/\/ssdprestation.com\/index.php\/wp-json\/wp\/v2\/pages"}],"about":[{"href":"https:\/\/ssdprestation.com\/index.php\/wp-json\/wp\/v2\/types\/page"}],"author":[{"embeddable":true,"href":"https:\/\/ssdprestation.com\/index.php\/wp-json\/wp\/v2\/users\/1"}],"replies":[{"embeddable":true,"href":"https:\/\/ssdprestation.com\/index.php\/wp-json\/wp\/v2\/comments?post=73"}],"version-history":[{"count":17,"href":"https:\/\/ssdprestation.com\/index.php\/wp-json\/wp\/v2\/pages\/73\/revisions"}],"predecessor-version":[{"id":296,"href":"https:\/\/ssdprestation.com\/index.php\/wp-json\/wp\/v2\/pages\/73\/revisions\/296"}],"wp:attachment":[{"href":"https:\/\/ssdprestation.com\/index.php\/wp-json\/wp\/v2\/media?parent=73"}],"curies":[{"name":"wp","href":"https:\/\/api.w.org\/{rel}","templated":true}]}}