{"id":6,"date":"2015-10-27T18:12:46","date_gmt":"2015-10-27T17:12:46","guid":{"rendered":"http:\/\/ssdprestation.com\/ssdprestation\/?page_id=6"},"modified":"2017-07-05T14:05:22","modified_gmt":"2017-07-05T13:05:22","slug":"notre-demarche","status":"publish","type":"page","link":"https:\/\/ssdprestation.com\/index.php\/notre-demarche\/","title":{"rendered":"Notre d\u00e9marche"},"content":{"rendered":"<p><strong><span style=\"color: #666699;\">Les outils informatiques de SSD PRESTATION g\u00e9r\u00e9s par des \u00e9quipes en interne permettent de mettre en place des solutions adapt\u00e9es \u00e0 chaque probl\u00e9matique. <\/span><\/strong><\/p>\n<p><a href=\"http:\/\/www.vocalcom.com\" target=\"_blank\" rel=\"noopener\"><img loading=\"lazy\" class=\"aligncenter wp-image-37 size-full\" title=\"VOCALCOM : logiciel centres d\u2019appels et de gestion de l\u2019exp\u00e9rience client\" src=\"http:\/\/ssdprestation.com\/wp-content\/uploads\/2015\/10\/vocalcom-pub.jpg\" alt=\"Vocalcom\" width=\"640\" height=\"290\" srcset=\"https:\/\/ssdprestation.com\/wp-content\/uploads\/2015\/10\/vocalcom-pub.jpg 640w, https:\/\/ssdprestation.com\/wp-content\/uploads\/2015\/10\/vocalcom-pub-300x136.jpg 300w\" sizes=\"(max-width: 640px) 100vw, 640px\" \/><\/a><\/p>\n<p>Equip\u00e9e par <strong>VOCALCOM<\/strong>, valeur de r\u00e9f\u00e9rence, <strong>SSD PRESTATION<\/strong> propose \u00e0 ses clients des outils de gestion et de contr\u00f4les sur mesure\u00a0:<\/p>\n<ul>\n<li>Suivi statistique<\/li>\n<li>Export des donn\u00e9es et int\u00e9gration dans les outils clients<\/li>\n<li>Web services<\/li>\n<li>Enregistrements vocaux<\/li>\n<li>Ligne t\u00e9l\u00e9phonique en qualit\u00e9 premium<\/li>\n<li>L\u2019assistance et la proposition sur le choix des solutions.<\/li>\n<li>L\u2019\u00e9tude des besoins, l\u2019analyse, le d\u00e9veloppement, la mise en oeuvre et l\u2019exploitation.<\/li>\n<li>La r\u00e9daction de cahier des charges techniques et fonctionnelles.<\/li>\n<li>Le d\u00e9veloppement de bases de donn\u00e9es relationnelles.<\/li>\n<li>L\u2019analyse de donn\u00e9es et reporting.<\/li>\n<li>La cr\u00e9ation d\u2019interconnexions s\u00e9curis\u00e9es avec les syst\u00e8mes de nos partenaires.<\/li>\n<\/ul>\n<p>&nbsp;<\/p>\n<p><strong><img loading=\"lazy\" class=\"alignright wp-image-119 size-full\" src=\"http:\/\/ssdprestation.com\/wp-content\/uploads\/2015\/10\/image-techno.jpg\" alt=\"image-techno\" width=\"428\" height=\"280\" srcset=\"https:\/\/ssdprestation.com\/wp-content\/uploads\/2015\/10\/image-techno.jpg 428w, https:\/\/ssdprestation.com\/wp-content\/uploads\/2015\/10\/image-techno-300x196.jpg 300w, https:\/\/ssdprestation.com\/wp-content\/uploads\/2015\/10\/image-techno-2x1.jpg 2w\" sizes=\"(max-width: 428px) 100vw, 428px\" \/>Les moyens techniques<\/strong><\/p>\n<p>&nbsp;<\/p>\n<ul>\n<li class=\"lipoint\">Utilisation du Safe (r\u00e9seau fibre optique entre Maurice et l&rsquo;Europe) comme meilleur gage de qualit\u00e9 de ligne<\/li>\n<li class=\"lipoint\">Un logiciel incontournable dans notre activit\u00e9 :\u00a0<strong>Vocalcom<\/strong><\/li>\n<li class=\"lipoint\">Des bureaux modernes et des postes de travail \u00e9quip\u00e9s des derni\u00e8res technologies.<\/li>\n<\/ul>\n","protected":false},"excerpt":{"rendered":"<p>Les outils informatiques de SSD PRESTATION g\u00e9r\u00e9s par des \u00e9quipes en interne permettent de mettre en place des solutions adapt\u00e9es \u00e0 chaque probl\u00e9matique. Equip\u00e9e par VOCALCOM, valeur de r\u00e9f\u00e9rence, SSD PRESTATION propose \u00e0 ses clients des outils de gestion et de contr\u00f4les sur mesure\u00a0: Suivi statistique Export des donn\u00e9es et int\u00e9gration dans les outils clients [&hellip;]<\/p>\n","protected":false},"author":1,"featured_media":0,"parent":0,"menu_order":2,"comment_status":"closed","ping_status":"closed","template":"page-templates\/full-width.php","meta":[],"yoast_head":"<!-- This site is optimized with the Yoast SEO plugin v17.5 - https:\/\/yoast.com\/wordpress\/plugins\/seo\/ -->\n<title>Notre d\u00e9marche - SSD prestation<\/title>\n<meta name=\"robots\" content=\"index, follow, max-snippet:-1, max-image-preview:large, max-video-preview:-1\" \/>\n<link rel=\"canonical\" href=\"https:\/\/ssdprestation.com\/index.php\/notre-demarche\/\" \/>\n<meta property=\"og:locale\" content=\"fr_FR\" \/>\n<meta property=\"og:type\" content=\"article\" \/>\n<meta property=\"og:title\" content=\"Notre d\u00e9marche - SSD prestation\" \/>\n<meta property=\"og:description\" content=\"Les outils informatiques de SSD PRESTATION g\u00e9r\u00e9s par des \u00e9quipes en interne permettent de mettre en place des solutions adapt\u00e9es \u00e0 chaque probl\u00e9matique. Equip\u00e9e par VOCALCOM, valeur de r\u00e9f\u00e9rence, SSD PRESTATION propose \u00e0 ses clients des outils de gestion et de contr\u00f4les sur mesure\u00a0: Suivi statistique Export des donn\u00e9es et int\u00e9gration dans les outils clients [&hellip;]\" \/>\n<meta property=\"og:url\" content=\"https:\/\/ssdprestation.com\/index.php\/notre-demarche\/\" \/>\n<meta property=\"og:site_name\" content=\"SSD prestation\" \/>\n<meta property=\"article:publisher\" content=\"https:\/\/www.facebook.com\/SSD-Prestation-408398522686955\/\" \/>\n<meta property=\"article:modified_time\" content=\"2017-07-05T13:05:22+00:00\" \/>\n<meta property=\"og:image\" content=\"http:\/\/ssdprestation.com\/wp-content\/uploads\/2015\/10\/vocalcom-pub.jpg\" \/>\n<meta name=\"twitter:card\" content=\"summary\" \/>\n<meta name=\"twitter:label1\" content=\"Dur\u00e9e de lecture est.\" \/>\n\t<meta name=\"twitter:data1\" content=\"1 minute\" \/>\n<script type=\"application\/ld+json\" class=\"yoast-schema-graph\">{\"@context\":\"https:\/\/schema.org\",\"@graph\":[{\"@type\":\"Organization\",\"@id\":\"https:\/\/ssdprestation.com\/#organization\",\"name\":\"SSD prestation\",\"url\":\"https:\/\/ssdprestation.com\/\",\"sameAs\":[\"https:\/\/www.facebook.com\/SSD-Prestation-408398522686955\/\"],\"logo\":{\"@type\":\"ImageObject\",\"@id\":\"https:\/\/ssdprestation.com\/#logo\",\"inLanguage\":\"fr-FR\",\"url\":\"http:\/\/ssdprestation.com\/wp-content\/uploads\/2015\/11\/logo-SSDprestation_130.jpg\",\"contentUrl\":\"http:\/\/ssdprestation.com\/wp-content\/uploads\/2015\/11\/logo-SSDprestation_130.jpg\",\"width\":129,\"height\":101,\"caption\":\"SSD prestation\"},\"image\":{\"@id\":\"https:\/\/ssdprestation.com\/#logo\"}},{\"@type\":\"WebSite\",\"@id\":\"https:\/\/ssdprestation.com\/#website\",\"url\":\"https:\/\/ssdprestation.com\/\",\"name\":\"SSD prestation\",\"description\":\"Centre d&#039;appels, ile Maurice , call center\",\"publisher\":{\"@id\":\"https:\/\/ssdprestation.com\/#organization\"},\"potentialAction\":[{\"@type\":\"SearchAction\",\"target\":{\"@type\":\"EntryPoint\",\"urlTemplate\":\"https:\/\/ssdprestation.com\/?s={search_term_string}\"},\"query-input\":\"required name=search_term_string\"}],\"inLanguage\":\"fr-FR\"},{\"@type\":\"ImageObject\",\"@id\":\"https:\/\/ssdprestation.com\/index.php\/notre-demarche\/#primaryimage\",\"inLanguage\":\"fr-FR\",\"url\":\"http:\/\/ssdprestation.com\/wp-content\/uploads\/2015\/10\/vocalcom-pub.jpg\",\"contentUrl\":\"http:\/\/ssdprestation.com\/wp-content\/uploads\/2015\/10\/vocalcom-pub.jpg\"},{\"@type\":\"WebPage\",\"@id\":\"https:\/\/ssdprestation.com\/index.php\/notre-demarche\/#webpage\",\"url\":\"https:\/\/ssdprestation.com\/index.php\/notre-demarche\/\",\"name\":\"Notre d\\u00e9marche - SSD prestation\",\"isPartOf\":{\"@id\":\"https:\/\/ssdprestation.com\/#website\"},\"primaryImageOfPage\":{\"@id\":\"https:\/\/ssdprestation.com\/index.php\/notre-demarche\/#primaryimage\"},\"datePublished\":\"2015-10-27T17:12:46+00:00\",\"dateModified\":\"2017-07-05T13:05:22+00:00\",\"breadcrumb\":{\"@id\":\"https:\/\/ssdprestation.com\/index.php\/notre-demarche\/#breadcrumb\"},\"inLanguage\":\"fr-FR\",\"potentialAction\":[{\"@type\":\"ReadAction\",\"target\":[\"https:\/\/ssdprestation.com\/index.php\/notre-demarche\/\"]}]},{\"@type\":\"BreadcrumbList\",\"@id\":\"https:\/\/ssdprestation.com\/index.php\/notre-demarche\/#breadcrumb\",\"itemListElement\":[{\"@type\":\"ListItem\",\"position\":1,\"name\":\"Accueil\",\"item\":\"https:\/\/ssdprestation.com\/\"},{\"@type\":\"ListItem\",\"position\":2,\"name\":\"Notre d\\u00e9marche\"}]}]}<\/script>\n<!-- \/ Yoast SEO plugin. -->","yoast_head_json":{"title":"Notre d\u00e9marche - SSD prestation","robots":{"index":"index","follow":"follow","max-snippet":"max-snippet:-1","max-image-preview":"max-image-preview:large","max-video-preview":"max-video-preview:-1"},"canonical":"https:\/\/ssdprestation.com\/index.php\/notre-demarche\/","og_locale":"fr_FR","og_type":"article","og_title":"Notre d\u00e9marche - SSD prestation","og_description":"Les outils informatiques de SSD PRESTATION g\u00e9r\u00e9s par des \u00e9quipes en interne permettent de mettre en place des solutions adapt\u00e9es \u00e0 chaque probl\u00e9matique. Equip\u00e9e par VOCALCOM, valeur de r\u00e9f\u00e9rence, SSD PRESTATION propose \u00e0 ses clients des outils de gestion et de contr\u00f4les sur mesure\u00a0: Suivi statistique Export des donn\u00e9es et int\u00e9gration dans les outils clients [&hellip;]","og_url":"https:\/\/ssdprestation.com\/index.php\/notre-demarche\/","og_site_name":"SSD prestation","article_publisher":"https:\/\/www.facebook.com\/SSD-Prestation-408398522686955\/","article_modified_time":"2017-07-05T13:05:22+00:00","og_image":[{"url":"http:\/\/ssdprestation.com\/wp-content\/uploads\/2015\/10\/vocalcom-pub.jpg"}],"twitter_card":"summary","twitter_misc":{"Dur\u00e9e de lecture est.":"1 minute"},"schema":{"@context":"https:\/\/schema.org","@graph":[{"@type":"Organization","@id":"https:\/\/ssdprestation.com\/#organization","name":"SSD prestation","url":"https:\/\/ssdprestation.com\/","sameAs":["https:\/\/www.facebook.com\/SSD-Prestation-408398522686955\/"],"logo":{"@type":"ImageObject","@id":"https:\/\/ssdprestation.com\/#logo","inLanguage":"fr-FR","url":"http:\/\/ssdprestation.com\/wp-content\/uploads\/2015\/11\/logo-SSDprestation_130.jpg","contentUrl":"http:\/\/ssdprestation.com\/wp-content\/uploads\/2015\/11\/logo-SSDprestation_130.jpg","width":129,"height":101,"caption":"SSD prestation"},"image":{"@id":"https:\/\/ssdprestation.com\/#logo"}},{"@type":"WebSite","@id":"https:\/\/ssdprestation.com\/#website","url":"https:\/\/ssdprestation.com\/","name":"SSD prestation","description":"Centre d&#039;appels, ile Maurice , call center","publisher":{"@id":"https:\/\/ssdprestation.com\/#organization"},"potentialAction":[{"@type":"SearchAction","target":{"@type":"EntryPoint","urlTemplate":"https:\/\/ssdprestation.com\/?s={search_term_string}"},"query-input":"required name=search_term_string"}],"inLanguage":"fr-FR"},{"@type":"ImageObject","@id":"https:\/\/ssdprestation.com\/index.php\/notre-demarche\/#primaryimage","inLanguage":"fr-FR","url":"http:\/\/ssdprestation.com\/wp-content\/uploads\/2015\/10\/vocalcom-pub.jpg","contentUrl":"http:\/\/ssdprestation.com\/wp-content\/uploads\/2015\/10\/vocalcom-pub.jpg"},{"@type":"WebPage","@id":"https:\/\/ssdprestation.com\/index.php\/notre-demarche\/#webpage","url":"https:\/\/ssdprestation.com\/index.php\/notre-demarche\/","name":"Notre d\u00e9marche - SSD prestation","isPartOf":{"@id":"https:\/\/ssdprestation.com\/#website"},"primaryImageOfPage":{"@id":"https:\/\/ssdprestation.com\/index.php\/notre-demarche\/#primaryimage"},"datePublished":"2015-10-27T17:12:46+00:00","dateModified":"2017-07-05T13:05:22+00:00","breadcrumb":{"@id":"https:\/\/ssdprestation.com\/index.php\/notre-demarche\/#breadcrumb"},"inLanguage":"fr-FR","potentialAction":[{"@type":"ReadAction","target":["https:\/\/ssdprestation.com\/index.php\/notre-demarche\/"]}]},{"@type":"BreadcrumbList","@id":"https:\/\/ssdprestation.com\/index.php\/notre-demarche\/#breadcrumb","itemListElement":[{"@type":"ListItem","position":1,"name":"Accueil","item":"https:\/\/ssdprestation.com\/"},{"@type":"ListItem","position":2,"name":"Notre d\u00e9marche"}]}]}},"_links":{"self":[{"href":"https:\/\/ssdprestation.com\/index.php\/wp-json\/wp\/v2\/pages\/6"}],"collection":[{"href":"https:\/\/ssdprestation.com\/index.php\/wp-json\/wp\/v2\/pages"}],"about":[{"href":"https:\/\/ssdprestation.com\/index.php\/wp-json\/wp\/v2\/types\/page"}],"author":[{"embeddable":true,"href":"https:\/\/ssdprestation.com\/index.php\/wp-json\/wp\/v2\/users\/1"}],"replies":[{"embeddable":true,"href":"https:\/\/ssdprestation.com\/index.php\/wp-json\/wp\/v2\/comments?post=6"}],"version-history":[{"count":17,"href":"https:\/\/ssdprestation.com\/index.php\/wp-json\/wp\/v2\/pages\/6\/revisions"}],"predecessor-version":[{"id":239,"href":"https:\/\/ssdprestation.com\/index.php\/wp-json\/wp\/v2\/pages\/6\/revisions\/239"}],"wp:attachment":[{"href":"https:\/\/ssdprestation.com\/index.php\/wp-json\/wp\/v2\/media?parent=6"}],"curies":[{"name":"wp","href":"https:\/\/api.w.org\/{rel}","templated":true}]}}