{"id":4,"date":"2015-10-27T18:11:34","date_gmt":"2015-10-27T17:11:34","guid":{"rendered":"http:\/\/ssdprestation.com\/ssdprestation\/?page_id=4"},"modified":"2017-07-05T14:05:10","modified_gmt":"2017-07-05T13:05:10","slug":"nous-connaitre","status":"publish","type":"page","link":"https:\/\/ssdprestation.com\/index.php\/nous-connaitre\/","title":{"rendered":"Nous connaitre"},"content":{"rendered":"<p><strong><span style=\"color: #666699;\">SSD PRESTATION est une soci\u00e9t\u00e9 ind\u00e9pendante sp\u00e9cialis\u00e9e dans la gestion de la relation client.<\/span><br \/>\n<\/strong> Implant\u00e9e \u00e0 l\u2019Ile Maurice chaque op\u00e9ration est r\u00e9alis\u00e9e par des collaborateurs d\u00e9di\u00e9s.<\/p>\n<p>Ses domaines d\u2019activit\u00e9s sont les suivants\u00a0:<\/p>\n<p><img loading=\"lazy\" class=\"alignleft wp-image-26 size-full\" title=\"Centre d'appels\" src=\"http:\/\/ssdprestation.com\/wp-content\/uploads\/2015\/10\/image5.jpg\" alt=\"Centre d'appels\" width=\"297\" height=\"170\" \/><\/p>\n<ul>\n<li>Prise de rendez-vous<\/li>\n<li>D\u00e9tection de projets<\/li>\n<li>R\u00e9tention<\/li>\n<li>Vente additionnelle<\/li>\n<li>Prospection<\/li>\n<li>Fid\u00e9lisation<\/li>\n<\/ul>\n<p>&nbsp;<\/p>\n<ul>\n<li>Cr\u00e9ation de trafic<a href=\"http:\/\/ssdprestation.com\/wp-content\/uploads\/2015\/10\/images2.jpg\"><img loading=\"lazy\" class=\"alignright wp-image-29 size-full\" title=\"Relation client\" src=\"http:\/\/ssdprestation.com\/wp-content\/uploads\/2015\/10\/images2.jpg\" alt=\"Relation client\" width=\"382\" height=\"132\" srcset=\"https:\/\/ssdprestation.com\/wp-content\/uploads\/2015\/10\/images2.jpg 382w, https:\/\/ssdprestation.com\/wp-content\/uploads\/2015\/10\/images2-300x104.jpg 300w\" sizes=\"(max-width: 382px) 100vw, 382px\" \/><\/a><\/li>\n<li>Etude qualit\u00e9<\/li>\n<li>Sondages<\/li>\n<li>Gestion d\u2019instances<\/li>\n<li>Saisies de donn\u00e9es<\/li>\n<\/ul>\n<p>&nbsp;<\/p>\n<p><a href=\"http:\/\/ssdprestation.com\/wp-content\/uploads\/2015\/10\/images4.jpg\"><img loading=\"lazy\" class=\"alignleft wp-image-31 size-thumbnail\" title=\"Sp\u00e9cialiste de l'assurance\" src=\"http:\/\/ssdprestation.com\/wp-content\/uploads\/2015\/10\/images4-150x150.jpg\" alt=\"Sp\u00e9cialiste de l'assurance\" width=\"150\" height=\"150\" srcset=\"https:\/\/ssdprestation.com\/wp-content\/uploads\/2015\/10\/images4-150x150.jpg 150w, https:\/\/ssdprestation.com\/wp-content\/uploads\/2015\/10\/images4.jpg 225w\" sizes=\"(max-width: 150px) 100vw, 150px\" \/><\/a><\/p>\n<p>SSD PRESTATION se distingue notamment par une expertise particuli\u00e8re dans les M\u00e9tiers de l\u2019Assurance.<\/p>\n<p>L\u2019externalisation de la relation client est une solution efficace pour rester comp\u00e9titif face \u00e0 la concurrence, optimiser ses couts, et garantir \u00e0 ses clients un service efficace sur de larges plages horaires.<\/p>\n","protected":false},"excerpt":{"rendered":"<p>SSD PRESTATION est une soci\u00e9t\u00e9 ind\u00e9pendante sp\u00e9cialis\u00e9e dans la gestion de la relation client. Implant\u00e9e \u00e0 l\u2019Ile Maurice chaque op\u00e9ration est r\u00e9alis\u00e9e par des collaborateurs d\u00e9di\u00e9s. Ses domaines d\u2019activit\u00e9s sont les suivants\u00a0: Prise de rendez-vous D\u00e9tection de projets R\u00e9tention Vente additionnelle Prospection Fid\u00e9lisation &nbsp; Cr\u00e9ation de trafic Etude qualit\u00e9 Sondages Gestion d\u2019instances Saisies de donn\u00e9es [&hellip;]<\/p>\n","protected":false},"author":1,"featured_media":0,"parent":0,"menu_order":1,"comment_status":"closed","ping_status":"closed","template":"page-templates\/full-width.php","meta":[],"yoast_head":"<!-- This site is optimized with the Yoast SEO plugin v17.5 - https:\/\/yoast.com\/wordpress\/plugins\/seo\/ -->\n<title>Nous connaitre - SSD prestation<\/title>\n<meta name=\"robots\" content=\"index, follow, max-snippet:-1, max-image-preview:large, max-video-preview:-1\" \/>\n<link rel=\"canonical\" href=\"https:\/\/ssdprestation.com\/index.php\/nous-connaitre\/\" \/>\n<meta property=\"og:locale\" content=\"fr_FR\" \/>\n<meta property=\"og:type\" content=\"article\" \/>\n<meta property=\"og:title\" content=\"Nous connaitre - SSD prestation\" \/>\n<meta property=\"og:description\" content=\"SSD PRESTATION est une soci\u00e9t\u00e9 ind\u00e9pendante sp\u00e9cialis\u00e9e dans la gestion de la relation client. Implant\u00e9e \u00e0 l\u2019Ile Maurice chaque op\u00e9ration est r\u00e9alis\u00e9e par des collaborateurs d\u00e9di\u00e9s. Ses domaines d\u2019activit\u00e9s sont les suivants\u00a0: Prise de rendez-vous D\u00e9tection de projets R\u00e9tention Vente additionnelle Prospection Fid\u00e9lisation &nbsp; Cr\u00e9ation de trafic Etude qualit\u00e9 Sondages Gestion d\u2019instances Saisies de donn\u00e9es [&hellip;]\" \/>\n<meta property=\"og:url\" content=\"https:\/\/ssdprestation.com\/index.php\/nous-connaitre\/\" \/>\n<meta property=\"og:site_name\" content=\"SSD prestation\" \/>\n<meta property=\"article:publisher\" content=\"https:\/\/www.facebook.com\/SSD-Prestation-408398522686955\/\" \/>\n<meta property=\"article:modified_time\" content=\"2017-07-05T13:05:10+00:00\" \/>\n<meta property=\"og:image\" content=\"http:\/\/ssdprestation.com\/wp-content\/uploads\/2015\/10\/image5.jpg\" \/>\n<meta name=\"twitter:card\" content=\"summary\" \/>\n<meta name=\"twitter:label1\" content=\"Dur\u00e9e de lecture est.\" \/>\n\t<meta name=\"twitter:data1\" content=\"1 minute\" \/>\n<script type=\"application\/ld+json\" class=\"yoast-schema-graph\">{\"@context\":\"https:\/\/schema.org\",\"@graph\":[{\"@type\":\"Organization\",\"@id\":\"https:\/\/ssdprestation.com\/#organization\",\"name\":\"SSD prestation\",\"url\":\"https:\/\/ssdprestation.com\/\",\"sameAs\":[\"https:\/\/www.facebook.com\/SSD-Prestation-408398522686955\/\"],\"logo\":{\"@type\":\"ImageObject\",\"@id\":\"https:\/\/ssdprestation.com\/#logo\",\"inLanguage\":\"fr-FR\",\"url\":\"http:\/\/ssdprestation.com\/wp-content\/uploads\/2015\/11\/logo-SSDprestation_130.jpg\",\"contentUrl\":\"http:\/\/ssdprestation.com\/wp-content\/uploads\/2015\/11\/logo-SSDprestation_130.jpg\",\"width\":129,\"height\":101,\"caption\":\"SSD prestation\"},\"image\":{\"@id\":\"https:\/\/ssdprestation.com\/#logo\"}},{\"@type\":\"WebSite\",\"@id\":\"https:\/\/ssdprestation.com\/#website\",\"url\":\"https:\/\/ssdprestation.com\/\",\"name\":\"SSD prestation\",\"description\":\"Centre d&#039;appels, ile Maurice , call center\",\"publisher\":{\"@id\":\"https:\/\/ssdprestation.com\/#organization\"},\"potentialAction\":[{\"@type\":\"SearchAction\",\"target\":{\"@type\":\"EntryPoint\",\"urlTemplate\":\"https:\/\/ssdprestation.com\/?s={search_term_string}\"},\"query-input\":\"required name=search_term_string\"}],\"inLanguage\":\"fr-FR\"},{\"@type\":\"ImageObject\",\"@id\":\"https:\/\/ssdprestation.com\/index.php\/nous-connaitre\/#primaryimage\",\"inLanguage\":\"fr-FR\",\"url\":\"http:\/\/ssdprestation.com\/wp-content\/uploads\/2015\/10\/image5.jpg\",\"contentUrl\":\"http:\/\/ssdprestation.com\/wp-content\/uploads\/2015\/10\/image5.jpg\"},{\"@type\":\"WebPage\",\"@id\":\"https:\/\/ssdprestation.com\/index.php\/nous-connaitre\/#webpage\",\"url\":\"https:\/\/ssdprestation.com\/index.php\/nous-connaitre\/\",\"name\":\"Nous connaitre - SSD prestation\",\"isPartOf\":{\"@id\":\"https:\/\/ssdprestation.com\/#website\"},\"primaryImageOfPage\":{\"@id\":\"https:\/\/ssdprestation.com\/index.php\/nous-connaitre\/#primaryimage\"},\"datePublished\":\"2015-10-27T17:11:34+00:00\",\"dateModified\":\"2017-07-05T13:05:10+00:00\",\"breadcrumb\":{\"@id\":\"https:\/\/ssdprestation.com\/index.php\/nous-connaitre\/#breadcrumb\"},\"inLanguage\":\"fr-FR\",\"potentialAction\":[{\"@type\":\"ReadAction\",\"target\":[\"https:\/\/ssdprestation.com\/index.php\/nous-connaitre\/\"]}]},{\"@type\":\"BreadcrumbList\",\"@id\":\"https:\/\/ssdprestation.com\/index.php\/nous-connaitre\/#breadcrumb\",\"itemListElement\":[{\"@type\":\"ListItem\",\"position\":1,\"name\":\"Accueil\",\"item\":\"https:\/\/ssdprestation.com\/\"},{\"@type\":\"ListItem\",\"position\":2,\"name\":\"Nous connaitre\"}]}]}<\/script>\n<!-- \/ Yoast SEO plugin. -->","yoast_head_json":{"title":"Nous connaitre - SSD prestation","robots":{"index":"index","follow":"follow","max-snippet":"max-snippet:-1","max-image-preview":"max-image-preview:large","max-video-preview":"max-video-preview:-1"},"canonical":"https:\/\/ssdprestation.com\/index.php\/nous-connaitre\/","og_locale":"fr_FR","og_type":"article","og_title":"Nous connaitre - SSD prestation","og_description":"SSD PRESTATION est une soci\u00e9t\u00e9 ind\u00e9pendante sp\u00e9cialis\u00e9e dans la gestion de la relation client. Implant\u00e9e \u00e0 l\u2019Ile Maurice chaque op\u00e9ration est r\u00e9alis\u00e9e par des collaborateurs d\u00e9di\u00e9s. Ses domaines d\u2019activit\u00e9s sont les suivants\u00a0: Prise de rendez-vous D\u00e9tection de projets R\u00e9tention Vente additionnelle Prospection Fid\u00e9lisation &nbsp; Cr\u00e9ation de trafic Etude qualit\u00e9 Sondages Gestion d\u2019instances Saisies de donn\u00e9es [&hellip;]","og_url":"https:\/\/ssdprestation.com\/index.php\/nous-connaitre\/","og_site_name":"SSD prestation","article_publisher":"https:\/\/www.facebook.com\/SSD-Prestation-408398522686955\/","article_modified_time":"2017-07-05T13:05:10+00:00","og_image":[{"url":"http:\/\/ssdprestation.com\/wp-content\/uploads\/2015\/10\/image5.jpg"}],"twitter_card":"summary","twitter_misc":{"Dur\u00e9e de lecture est.":"1 minute"},"schema":{"@context":"https:\/\/schema.org","@graph":[{"@type":"Organization","@id":"https:\/\/ssdprestation.com\/#organization","name":"SSD prestation","url":"https:\/\/ssdprestation.com\/","sameAs":["https:\/\/www.facebook.com\/SSD-Prestation-408398522686955\/"],"logo":{"@type":"ImageObject","@id":"https:\/\/ssdprestation.com\/#logo","inLanguage":"fr-FR","url":"http:\/\/ssdprestation.com\/wp-content\/uploads\/2015\/11\/logo-SSDprestation_130.jpg","contentUrl":"http:\/\/ssdprestation.com\/wp-content\/uploads\/2015\/11\/logo-SSDprestation_130.jpg","width":129,"height":101,"caption":"SSD prestation"},"image":{"@id":"https:\/\/ssdprestation.com\/#logo"}},{"@type":"WebSite","@id":"https:\/\/ssdprestation.com\/#website","url":"https:\/\/ssdprestation.com\/","name":"SSD prestation","description":"Centre d&#039;appels, ile Maurice , call center","publisher":{"@id":"https:\/\/ssdprestation.com\/#organization"},"potentialAction":[{"@type":"SearchAction","target":{"@type":"EntryPoint","urlTemplate":"https:\/\/ssdprestation.com\/?s={search_term_string}"},"query-input":"required name=search_term_string"}],"inLanguage":"fr-FR"},{"@type":"ImageObject","@id":"https:\/\/ssdprestation.com\/index.php\/nous-connaitre\/#primaryimage","inLanguage":"fr-FR","url":"http:\/\/ssdprestation.com\/wp-content\/uploads\/2015\/10\/image5.jpg","contentUrl":"http:\/\/ssdprestation.com\/wp-content\/uploads\/2015\/10\/image5.jpg"},{"@type":"WebPage","@id":"https:\/\/ssdprestation.com\/index.php\/nous-connaitre\/#webpage","url":"https:\/\/ssdprestation.com\/index.php\/nous-connaitre\/","name":"Nous connaitre - SSD prestation","isPartOf":{"@id":"https:\/\/ssdprestation.com\/#website"},"primaryImageOfPage":{"@id":"https:\/\/ssdprestation.com\/index.php\/nous-connaitre\/#primaryimage"},"datePublished":"2015-10-27T17:11:34+00:00","dateModified":"2017-07-05T13:05:10+00:00","breadcrumb":{"@id":"https:\/\/ssdprestation.com\/index.php\/nous-connaitre\/#breadcrumb"},"inLanguage":"fr-FR","potentialAction":[{"@type":"ReadAction","target":["https:\/\/ssdprestation.com\/index.php\/nous-connaitre\/"]}]},{"@type":"BreadcrumbList","@id":"https:\/\/ssdprestation.com\/index.php\/nous-connaitre\/#breadcrumb","itemListElement":[{"@type":"ListItem","position":1,"name":"Accueil","item":"https:\/\/ssdprestation.com\/"},{"@type":"ListItem","position":2,"name":"Nous connaitre"}]}]}},"_links":{"self":[{"href":"https:\/\/ssdprestation.com\/index.php\/wp-json\/wp\/v2\/pages\/4"}],"collection":[{"href":"https:\/\/ssdprestation.com\/index.php\/wp-json\/wp\/v2\/pages"}],"about":[{"href":"https:\/\/ssdprestation.com\/index.php\/wp-json\/wp\/v2\/types\/page"}],"author":[{"embeddable":true,"href":"https:\/\/ssdprestation.com\/index.php\/wp-json\/wp\/v2\/users\/1"}],"replies":[{"embeddable":true,"href":"https:\/\/ssdprestation.com\/index.php\/wp-json\/wp\/v2\/comments?post=4"}],"version-history":[{"count":16,"href":"https:\/\/ssdprestation.com\/index.php\/wp-json\/wp\/v2\/pages\/4\/revisions"}],"predecessor-version":[{"id":219,"href":"https:\/\/ssdprestation.com\/index.php\/wp-json\/wp\/v2\/pages\/4\/revisions\/219"}],"wp:attachment":[{"href":"https:\/\/ssdprestation.com\/index.php\/wp-json\/wp\/v2\/media?parent=4"}],"curies":[{"name":"wp","href":"https:\/\/api.w.org\/{rel}","templated":true}]}}