{"id":2,"date":"2015-09-29T10:00:33","date_gmt":"2015-09-29T09:00:33","guid":{"rendered":"http:\/\/ssdprestation.com\/ssdprestation\/?page_id=2"},"modified":"2017-07-05T14:04:49","modified_gmt":"2017-07-05T13:04:49","slug":"accueil","status":"publish","type":"page","link":"https:\/\/ssdprestation.com\/","title":{"rendered":"Centre d&rsquo;appels \u00e0 Maurice"},"content":{"rendered":"<p><strong><span style=\"color: #666699;\">SSD Prestation, le sp\u00e9cialiste de la relation client\u00a0<\/span><\/strong><\/p>\n<p>Centre d&rsquo;appels situ\u00e9 \u00e0 l&rsquo;\u00eele\u00a0Maurice, sp\u00e9cialis\u00e9 dans la gestion de la relation client, SSD Prestation g\u00e8re les\u00a0appels entrants et sortants\u00a0dans des domaines d&rsquo;activit\u00e9s diff\u00e9rentes: ventes, relation client, secr\u00e9tariat, sondage, reporting , &#8230;<br \/>\nSSD PRESTATION se distingue notamment par une expertise particuli\u00e8re dans les m\u00e9tiers de l\u2019assurance.<\/p>\n<table border=\"0\">\n<tbody>\n<tr>\n<td><img loading=\"lazy\" class=\"aligncenter wp-image-127 size-thumbnail\" title=\"SSD prestation ventes\" src=\"http:\/\/ssdprestation.com\/wp-content\/uploads\/2015\/09\/image-vente-150x150.jpg\" alt=\"Ventes\" width=\"150\" height=\"150\" srcset=\"https:\/\/ssdprestation.com\/wp-content\/uploads\/2015\/09\/image-vente-150x150.jpg 150w, https:\/\/ssdprestation.com\/wp-content\/uploads\/2015\/09\/image-vente-1x1.jpg 1w\" sizes=\"(max-width: 150px) 100vw, 150px\" \/><\/p>\n<p style=\"text-align: center;\"><strong>VENTES<\/strong><\/p>\n<\/td>\n<td><img loading=\"lazy\" class=\"aligncenter wp-image-131 size-thumbnail\" title=\"SSD prestation management de la relation client\" src=\"http:\/\/ssdprestation.com\/wp-content\/uploads\/2015\/09\/image-CRM-150x150.jpg\" alt=\"Management de la relation client\" width=\"150\" height=\"150\" srcset=\"https:\/\/ssdprestation.com\/wp-content\/uploads\/2015\/09\/image-CRM-150x150.jpg 150w, https:\/\/ssdprestation.com\/wp-content\/uploads\/2015\/09\/image-CRM-1x1.jpg 1w\" sizes=\"(max-width: 150px) 100vw, 150px\" \/><\/p>\n<p style=\"text-align: center;\"><strong>Management de la relation client<\/strong><\/p>\n<\/td>\n<td><img loading=\"lazy\" class=\"aligncenter wp-image-101 size-thumbnail\" title=\"SSD prestation centre d'appels\" src=\"http:\/\/ssdprestation.com\/wp-content\/uploads\/2015\/09\/images8-150x150.jpg\" alt=\"Centre d'appels\" width=\"150\" height=\"150\" srcset=\"https:\/\/ssdprestation.com\/wp-content\/uploads\/2015\/09\/images8-150x150.jpg 150w, https:\/\/ssdprestation.com\/wp-content\/uploads\/2015\/09\/images8-2x1.jpg 2w\" sizes=\"(max-width: 150px) 100vw, 150px\" \/><\/p>\n<p style=\"text-align: center;\"><strong>CENTRE D&rsquo;APPELS<\/strong><\/p>\n<\/td>\n<\/tr>\n<tr>\n<td><img loading=\"lazy\" class=\"aligncenter wp-image-129 size-thumbnail\" title=\"SSD prestation sondage\" src=\"http:\/\/ssdprestation.com\/wp-content\/uploads\/2015\/09\/analyse-sondage-150x150.jpg\" alt=\"Sondage\" width=\"150\" height=\"150\" srcset=\"https:\/\/ssdprestation.com\/wp-content\/uploads\/2015\/09\/analyse-sondage-150x150.jpg 150w, https:\/\/ssdprestation.com\/wp-content\/uploads\/2015\/09\/analyse-sondage-2x1.jpg 2w\" sizes=\"(max-width: 150px) 100vw, 150px\" \/><\/p>\n<p style=\"text-align: center;\"><strong>SONDAGE<\/strong><\/p>\n<\/td>\n<td><img loading=\"lazy\" class=\"aligncenter wp-image-91 size-thumbnail\" title=\"SSD prestation secr\u00e9tariat\" src=\"http:\/\/ssdprestation.com\/wp-content\/uploads\/2015\/09\/image-clavier-150x150.jpg\" alt=\"Secr\u00e9tariat\" width=\"150\" height=\"150\" srcset=\"https:\/\/ssdprestation.com\/wp-content\/uploads\/2015\/09\/image-clavier-150x150.jpg 150w, https:\/\/ssdprestation.com\/wp-content\/uploads\/2015\/09\/image-clavier-1x1.jpg 1w\" sizes=\"(max-width: 150px) 100vw, 150px\" \/><\/p>\n<p style=\"text-align: center;\"><strong>SECRETARIAT<\/strong><\/p>\n<\/td>\n<td>\n<p style=\"text-align: center;\"><img loading=\"lazy\" class=\"aligncenter wp-image-104 size-thumbnail\" title=\"SSD prestation reporting\" src=\"http:\/\/ssdprestation.com\/wp-content\/uploads\/2015\/09\/image_Reporting-150x150.png\" alt=\"Reporting\" width=\"150\" height=\"150\" srcset=\"https:\/\/ssdprestation.com\/wp-content\/uploads\/2015\/09\/image_Reporting-150x150.png 150w, https:\/\/ssdprestation.com\/wp-content\/uploads\/2015\/09\/image_Reporting-1x1.png 1w\" sizes=\"(max-width: 150px) 100vw, 150px\" \/><strong>REPORTING<\/strong><\/p>\n<\/td>\n<\/tr>\n<\/tbody>\n<\/table>\n","protected":false},"excerpt":{"rendered":"<p>SSD Prestation, le sp\u00e9cialiste de la relation client\u00a0 Centre d&rsquo;appels situ\u00e9 \u00e0 l&rsquo;\u00eele\u00a0Maurice, sp\u00e9cialis\u00e9 dans la gestion de la relation client, SSD Prestation g\u00e8re les\u00a0appels entrants et sortants\u00a0dans des domaines d&rsquo;activit\u00e9s diff\u00e9rentes: ventes, relation client, secr\u00e9tariat, sondage, reporting , &#8230; SSD PRESTATION se distingue notamment par une expertise particuli\u00e8re dans les m\u00e9tiers de l\u2019assurance. VENTES [&hellip;]<\/p>\n","protected":false},"author":1,"featured_media":0,"parent":0,"menu_order":0,"comment_status":"closed","ping_status":"closed","template":"page-templates\/full-width.php","meta":[],"yoast_head":"<!-- This site is optimized with the Yoast SEO plugin v17.5 - https:\/\/yoast.com\/wordpress\/plugins\/seo\/ -->\n<title>Centre d&#039;appels \u00e0 Maurice - SSD prestation<\/title>\n<meta name=\"robots\" content=\"index, follow, max-snippet:-1, max-image-preview:large, max-video-preview:-1\" \/>\n<link rel=\"canonical\" href=\"https:\/\/ssdprestation.com\/\" \/>\n<meta property=\"og:locale\" content=\"fr_FR\" \/>\n<meta property=\"og:type\" content=\"article\" \/>\n<meta property=\"og:title\" content=\"Centre d&#039;appels \u00e0 Maurice - SSD prestation\" \/>\n<meta property=\"og:description\" content=\"SSD Prestation, le sp\u00e9cialiste de la relation client\u00a0 Centre d&rsquo;appels situ\u00e9 \u00e0 l&rsquo;\u00eele\u00a0Maurice, sp\u00e9cialis\u00e9 dans la gestion de la relation client, SSD Prestation g\u00e8re les\u00a0appels entrants et sortants\u00a0dans des domaines d&rsquo;activit\u00e9s diff\u00e9rentes: ventes, relation client, secr\u00e9tariat, sondage, reporting , &#8230; SSD PRESTATION se distingue notamment par une expertise particuli\u00e8re dans les m\u00e9tiers de l\u2019assurance. VENTES [&hellip;]\" \/>\n<meta property=\"og:url\" content=\"https:\/\/ssdprestation.com\/\" \/>\n<meta property=\"og:site_name\" content=\"SSD prestation\" \/>\n<meta property=\"article:publisher\" content=\"https:\/\/www.facebook.com\/SSD-Prestation-408398522686955\/\" \/>\n<meta property=\"article:modified_time\" content=\"2017-07-05T13:04:49+00:00\" \/>\n<meta property=\"og:image\" content=\"http:\/\/ssdprestation.com\/wp-content\/uploads\/2015\/09\/image-vente-150x150.jpg\" \/>\n<meta name=\"twitter:card\" content=\"summary\" \/>\n<script type=\"application\/ld+json\" class=\"yoast-schema-graph\">{\"@context\":\"https:\/\/schema.org\",\"@graph\":[{\"@type\":\"Organization\",\"@id\":\"https:\/\/ssdprestation.com\/#organization\",\"name\":\"SSD prestation\",\"url\":\"https:\/\/ssdprestation.com\/\",\"sameAs\":[\"https:\/\/www.facebook.com\/SSD-Prestation-408398522686955\/\"],\"logo\":{\"@type\":\"ImageObject\",\"@id\":\"https:\/\/ssdprestation.com\/#logo\",\"inLanguage\":\"fr-FR\",\"url\":\"http:\/\/ssdprestation.com\/wp-content\/uploads\/2015\/11\/logo-SSDprestation_130.jpg\",\"contentUrl\":\"http:\/\/ssdprestation.com\/wp-content\/uploads\/2015\/11\/logo-SSDprestation_130.jpg\",\"width\":129,\"height\":101,\"caption\":\"SSD prestation\"},\"image\":{\"@id\":\"https:\/\/ssdprestation.com\/#logo\"}},{\"@type\":\"WebSite\",\"@id\":\"https:\/\/ssdprestation.com\/#website\",\"url\":\"https:\/\/ssdprestation.com\/\",\"name\":\"SSD prestation\",\"description\":\"Centre d&#039;appels, ile Maurice , call center\",\"publisher\":{\"@id\":\"https:\/\/ssdprestation.com\/#organization\"},\"potentialAction\":[{\"@type\":\"SearchAction\",\"target\":{\"@type\":\"EntryPoint\",\"urlTemplate\":\"https:\/\/ssdprestation.com\/?s={search_term_string}\"},\"query-input\":\"required name=search_term_string\"}],\"inLanguage\":\"fr-FR\"},{\"@type\":\"ImageObject\",\"@id\":\"https:\/\/ssdprestation.com\/#primaryimage\",\"inLanguage\":\"fr-FR\",\"url\":\"http:\/\/ssdprestation.com\/wp-content\/uploads\/2015\/09\/image-vente-150x150.jpg\",\"contentUrl\":\"http:\/\/ssdprestation.com\/wp-content\/uploads\/2015\/09\/image-vente-150x150.jpg\"},{\"@type\":\"WebPage\",\"@id\":\"https:\/\/ssdprestation.com\/#webpage\",\"url\":\"https:\/\/ssdprestation.com\/\",\"name\":\"Centre d'appels \\u00e0 Maurice - SSD prestation\",\"isPartOf\":{\"@id\":\"https:\/\/ssdprestation.com\/#website\"},\"primaryImageOfPage\":{\"@id\":\"https:\/\/ssdprestation.com\/#primaryimage\"},\"datePublished\":\"2015-09-29T09:00:33+00:00\",\"dateModified\":\"2017-07-05T13:04:49+00:00\",\"breadcrumb\":{\"@id\":\"https:\/\/ssdprestation.com\/#breadcrumb\"},\"inLanguage\":\"fr-FR\",\"potentialAction\":[{\"@type\":\"ReadAction\",\"target\":[\"https:\/\/ssdprestation.com\/\"]}]},{\"@type\":\"BreadcrumbList\",\"@id\":\"https:\/\/ssdprestation.com\/#breadcrumb\",\"itemListElement\":[{\"@type\":\"ListItem\",\"position\":1,\"name\":\"Accueil\",\"item\":\"https:\/\/ssdprestation.com\/\"},{\"@type\":\"ListItem\",\"position\":2,\"name\":\"Centre d&rsquo;appels \\u00e0 Maurice\"}]}]}<\/script>\n<!-- \/ Yoast SEO plugin. -->","yoast_head_json":{"title":"Centre d'appels \u00e0 Maurice - SSD prestation","robots":{"index":"index","follow":"follow","max-snippet":"max-snippet:-1","max-image-preview":"max-image-preview:large","max-video-preview":"max-video-preview:-1"},"canonical":"https:\/\/ssdprestation.com\/","og_locale":"fr_FR","og_type":"article","og_title":"Centre d'appels \u00e0 Maurice - SSD prestation","og_description":"SSD Prestation, le sp\u00e9cialiste de la relation client\u00a0 Centre d&rsquo;appels situ\u00e9 \u00e0 l&rsquo;\u00eele\u00a0Maurice, sp\u00e9cialis\u00e9 dans la gestion de la relation client, SSD Prestation g\u00e8re les\u00a0appels entrants et sortants\u00a0dans des domaines d&rsquo;activit\u00e9s diff\u00e9rentes: ventes, relation client, secr\u00e9tariat, sondage, reporting , &#8230; SSD PRESTATION se distingue notamment par une expertise particuli\u00e8re dans les m\u00e9tiers de l\u2019assurance. VENTES [&hellip;]","og_url":"https:\/\/ssdprestation.com\/","og_site_name":"SSD prestation","article_publisher":"https:\/\/www.facebook.com\/SSD-Prestation-408398522686955\/","article_modified_time":"2017-07-05T13:04:49+00:00","og_image":[{"url":"http:\/\/ssdprestation.com\/wp-content\/uploads\/2015\/09\/image-vente-150x150.jpg"}],"twitter_card":"summary","schema":{"@context":"https:\/\/schema.org","@graph":[{"@type":"Organization","@id":"https:\/\/ssdprestation.com\/#organization","name":"SSD prestation","url":"https:\/\/ssdprestation.com\/","sameAs":["https:\/\/www.facebook.com\/SSD-Prestation-408398522686955\/"],"logo":{"@type":"ImageObject","@id":"https:\/\/ssdprestation.com\/#logo","inLanguage":"fr-FR","url":"http:\/\/ssdprestation.com\/wp-content\/uploads\/2015\/11\/logo-SSDprestation_130.jpg","contentUrl":"http:\/\/ssdprestation.com\/wp-content\/uploads\/2015\/11\/logo-SSDprestation_130.jpg","width":129,"height":101,"caption":"SSD prestation"},"image":{"@id":"https:\/\/ssdprestation.com\/#logo"}},{"@type":"WebSite","@id":"https:\/\/ssdprestation.com\/#website","url":"https:\/\/ssdprestation.com\/","name":"SSD prestation","description":"Centre d&#039;appels, ile Maurice , call center","publisher":{"@id":"https:\/\/ssdprestation.com\/#organization"},"potentialAction":[{"@type":"SearchAction","target":{"@type":"EntryPoint","urlTemplate":"https:\/\/ssdprestation.com\/?s={search_term_string}"},"query-input":"required name=search_term_string"}],"inLanguage":"fr-FR"},{"@type":"ImageObject","@id":"https:\/\/ssdprestation.com\/#primaryimage","inLanguage":"fr-FR","url":"http:\/\/ssdprestation.com\/wp-content\/uploads\/2015\/09\/image-vente-150x150.jpg","contentUrl":"http:\/\/ssdprestation.com\/wp-content\/uploads\/2015\/09\/image-vente-150x150.jpg"},{"@type":"WebPage","@id":"https:\/\/ssdprestation.com\/#webpage","url":"https:\/\/ssdprestation.com\/","name":"Centre d'appels \u00e0 Maurice - SSD prestation","isPartOf":{"@id":"https:\/\/ssdprestation.com\/#website"},"primaryImageOfPage":{"@id":"https:\/\/ssdprestation.com\/#primaryimage"},"datePublished":"2015-09-29T09:00:33+00:00","dateModified":"2017-07-05T13:04:49+00:00","breadcrumb":{"@id":"https:\/\/ssdprestation.com\/#breadcrumb"},"inLanguage":"fr-FR","potentialAction":[{"@type":"ReadAction","target":["https:\/\/ssdprestation.com\/"]}]},{"@type":"BreadcrumbList","@id":"https:\/\/ssdprestation.com\/#breadcrumb","itemListElement":[{"@type":"ListItem","position":1,"name":"Accueil","item":"https:\/\/ssdprestation.com\/"},{"@type":"ListItem","position":2,"name":"Centre d&rsquo;appels \u00e0 Maurice"}]}]}},"_links":{"self":[{"href":"https:\/\/ssdprestation.com\/index.php\/wp-json\/wp\/v2\/pages\/2"}],"collection":[{"href":"https:\/\/ssdprestation.com\/index.php\/wp-json\/wp\/v2\/pages"}],"about":[{"href":"https:\/\/ssdprestation.com\/index.php\/wp-json\/wp\/v2\/types\/page"}],"author":[{"embeddable":true,"href":"https:\/\/ssdprestation.com\/index.php\/wp-json\/wp\/v2\/users\/1"}],"replies":[{"embeddable":true,"href":"https:\/\/ssdprestation.com\/index.php\/wp-json\/wp\/v2\/comments?post=2"}],"version-history":[{"count":31,"href":"https:\/\/ssdprestation.com\/index.php\/wp-json\/wp\/v2\/pages\/2\/revisions"}],"predecessor-version":[{"id":233,"href":"https:\/\/ssdprestation.com\/index.php\/wp-json\/wp\/v2\/pages\/2\/revisions\/233"}],"wp:attachment":[{"href":"https:\/\/ssdprestation.com\/index.php\/wp-json\/wp\/v2\/media?parent=2"}],"curies":[{"name":"wp","href":"https:\/\/api.w.org\/{rel}","templated":true}]}}