{"id":15,"date":"2015-11-02T18:09:41","date_gmt":"2015-11-02T17:09:41","guid":{"rendered":"http:\/\/ssdprestation.com\/ssdprestation\/?page_id=15"},"modified":"2017-07-06T13:59:09","modified_gmt":"2017-07-06T12:59:09","slug":"ile-maurice","status":"publish","type":"page","link":"https:\/\/ssdprestation.com\/index.php\/ile-maurice\/","title":{"rendered":"Ile Maurice"},"content":{"rendered":"<p><a href=\"http:\/\/ssdprestation.com\/wp-content\/uploads\/2015\/11\/IleMaurice-photo1.jpg\"><img loading=\"lazy\" class=\"aligncenter wp-image-107 size-full\" title=\"Vue a\u00e9rienne de l'\u00eele Maurice\" src=\"http:\/\/ssdprestation.com\/wp-content\/uploads\/2015\/11\/IleMaurice-photo1.jpg\" alt=\"IleMaurice-photo1\" width=\"594\" height=\"235\" srcset=\"https:\/\/ssdprestation.com\/wp-content\/uploads\/2015\/11\/IleMaurice-photo1.jpg 594w, https:\/\/ssdprestation.com\/wp-content\/uploads\/2015\/11\/IleMaurice-photo1-300x119.jpg 300w, https:\/\/ssdprestation.com\/wp-content\/uploads\/2015\/11\/IleMaurice-photo1-3x1.jpg 3w\" sizes=\"(max-width: 594px) 100vw, 594px\" \/><\/a><\/p>\n<p>Maurice est un Etat de droit en Afrique, une d\u00e9mocratie ancienne et une \u00e9conomie dynamique des plus d\u00e9velopp\u00e9es du continent africain (un des tous premiers PIB\/habitant d\u2019Afrique subsaharienne). Ce pays, de 1.865 km2 et de 1,3 M habitants, se caract\u00e9rise par sa situation entre l\u2019Afrique et l\u2019Asie. Maurice est \u00e0 la fois indienne (les indo-mauriciens constituent aujourd\u2019hui la majorit\u00e9 de ses habitants), europ\u00e9enne par sa composante franco-mauricienne (tr\u00e8s pr\u00e9sente dans la sph\u00e8re \u00e9conomique), chinoise et africaine.<br \/>\n<a href=\"http:\/\/ssdprestation.com\/wp-content\/uploads\/2015\/11\/iStock_000043159262XXXLarge.jpg\"><img loading=\"lazy\" class=\"alignleft wp-image-23 size-full\" title=\"Port-Louis, capitale de l'\u00efle Maurice\" src=\"http:\/\/ssdprestation.com\/wp-content\/uploads\/2015\/11\/iStock_000043159262XXXLarge.jpg\" alt=\"iStock_000043159262XXXLarge\" width=\"400\" height=\"267\" srcset=\"https:\/\/ssdprestation.com\/wp-content\/uploads\/2015\/11\/iStock_000043159262XXXLarge.jpg 400w, https:\/\/ssdprestation.com\/wp-content\/uploads\/2015\/11\/iStock_000043159262XXXLarge-300x200.jpg 300w, https:\/\/ssdprestation.com\/wp-content\/uploads\/2015\/11\/iStock_000043159262XXXLarge-320x213.jpg 320w, https:\/\/ssdprestation.com\/wp-content\/uploads\/2015\/11\/iStock_000043159262XXXLarge-240x160.jpg 240w\" sizes=\"(max-width: 400px) 100vw, 400px\" \/><\/a><\/p>\n<p>Du fait de son appartenance \u00e0 la zone Afrique, Maurice int\u00e9resse particuli\u00e8rement les deux puissances<br \/>\n\u00e9mergentes que sont l\u2019Inde et la Chine. L\u2019ambition des autorit\u00e9s est de faire de Maurice une \u00ab\u00a0passerelle\u00a0\u00bb entre l\u2019Afrique et l\u2019Asie. La R\u00e9publique de Maurice est par ailleurs membre de la Francophonie ainsi que du Commonwealth. L\u2019UE est le premier partenaire \u00e9conomique et commercial de Maurice.<\/p>\n<p>&nbsp;<\/p>\n<p>&nbsp;<\/p>\n<p>Maurice \u0153uvre au renforcement des liens de solidarit\u00e9 au sein de l\u2019ensemble culturel, \u00e9conomique et politique \u00ab\u00a0indo-oc\u00e9anien\u00a0\u00bb constitu\u00e9 par Madagascar, les Comores, les Seychelles, et la R\u00e9union. T\u00e9moignage de cet int\u00e9r\u00eat, Maurice, o\u00f9 se trouve le si\u00e8ge de la Commission de l\u2019Oc\u00e9an Indien (COI) fond\u00e9e en 1982-1984, manifeste la volont\u00e9 d\u2019y jouer un r\u00f4le actif. Depuis juillet 2012, le Secr\u00e9taire G\u00e9n\u00e9ral de cette organisation est le mauricien Jean-Claude de l\u2019Estrac.<\/p>\n<p><a href=\"http:\/\/ssdprestation.com\/wp-content\/uploads\/2015\/11\/mauritius-ecole.jpg\"><img loading=\"lazy\" class=\"alignnone wp-image-24 size-full\" title=\"Vue du port de Port-Louis la capitale de l'\u00eele Maurice\" src=\"http:\/\/ssdprestation.com\/wp-content\/uploads\/2015\/11\/mauritius-ecole.jpg\" alt=\"mauritius-ecole\" width=\"1180\" height=\"290\" srcset=\"https:\/\/ssdprestation.com\/wp-content\/uploads\/2015\/11\/mauritius-ecole.jpg 1180w, https:\/\/ssdprestation.com\/wp-content\/uploads\/2015\/11\/mauritius-ecole-300x74.jpg 300w, https:\/\/ssdprestation.com\/wp-content\/uploads\/2015\/11\/mauritius-ecole-1024x252.jpg 1024w, https:\/\/ssdprestation.com\/wp-content\/uploads\/2015\/11\/mauritius-ecole-320x80.jpg 320w, https:\/\/ssdprestation.com\/wp-content\/uploads\/2015\/11\/mauritius-ecole-240x60.jpg 240w\" sizes=\"(max-width: 1180px) 100vw, 1180px\" \/><\/a><\/p>\n<p><strong>Nom officiel<\/strong>\u00a0: R\u00e9publique de Maurice<br \/>\n<strong>Monnaie<\/strong>\u00a0: roupie mauricienne<br \/>\n<strong>Capitale<\/strong>\u00a0: Port-Louis<br \/>\n<strong>Superficie<\/strong>\u00a0: 1865 km2<br \/>\n<strong>Population :<br \/>\n<\/strong>La population de Maurice est estim\u00e9e \u00e0 plus de 1,3 million de personnes<\/p>\n<p><strong><img loading=\"lazy\" class=\"alignright wp-image-17 size-medium\" title=\"Carte de l'\u00eele Maurice\" src=\"http:\/\/ssdprestation.com\/wp-content\/uploads\/2015\/11\/carte-maurice-300x265.gif\" alt=\"carte-maurice\" width=\"300\" height=\"265\" \/><\/strong><\/p>\n<p><strong>G\u00e9ographie :<br \/>\n<\/strong>Maurice est une \u00eele du Sud-ouest de l\u2019oc\u00e9an Indien de 1 845 km\u00b2 &#8211; 330 km de c\u00f4te &#8211; presque enti\u00e8rement entour\u00e9e de r\u00e9cifs de corail, situ\u00e9e \u00e0 environ 10 000 km de l\u2019Europe, 1 000 km de Madagascar et 200 km de la R\u00e9union. L\u2019Ile Rodrigues, situ\u00e9e \u00e0 560 km \u00e0 l\u2019est de Maurice et d\u2019une superficie de 108 km\u00b2, en fait \u00e9galement partie.<\/p>\n<p><strong>Climat :<br \/>\n<\/strong>Le climat de Maurice est un climat maritime, tropical en \u00e9t\u00e9 et subtropical en hiver. <br class=\"manualbr\" \/>L\u2019\u00e9t\u00e9 s\u2019\u00e9tend de novembre \u00e0 avril avec des p\u00e9riodes cycloniques et l\u2019hiver de juin \u00e0 septembre. <br class=\"manualbr\" \/>Octobre et mai constituent l\u2019intersaison. <br class=\"manualbr\" \/>L\u2019Ouest et le Nord sont g\u00e9n\u00e9ralement plus chauds et relativement moins arros\u00e9s que l\u2019Est, le Sud et le plateau central.<\/p>\n<p>&nbsp;<\/p>\n","protected":false},"excerpt":{"rendered":"<p>Maurice est un Etat de droit en Afrique, une d\u00e9mocratie ancienne et une \u00e9conomie dynamique des plus d\u00e9velopp\u00e9es du continent africain (un des tous premiers PIB\/habitant d\u2019Afrique subsaharienne). Ce pays, de 1.865 km2 et de 1,3 M habitants, se caract\u00e9rise par sa situation entre l\u2019Afrique et l\u2019Asie. Maurice est \u00e0 la fois indienne (les indo-mauriciens [&hellip;]<\/p>\n","protected":false},"author":1,"featured_media":0,"parent":0,"menu_order":3,"comment_status":"closed","ping_status":"closed","template":"page-templates\/full-width.php","meta":[],"yoast_head":"<!-- This site is optimized with the Yoast SEO plugin v17.5 - https:\/\/yoast.com\/wordpress\/plugins\/seo\/ -->\n<title>Ile Maurice - SSD prestation<\/title>\n<meta name=\"robots\" content=\"index, follow, max-snippet:-1, max-image-preview:large, max-video-preview:-1\" \/>\n<link rel=\"canonical\" href=\"https:\/\/ssdprestation.com\/index.php\/ile-maurice\/\" \/>\n<meta property=\"og:locale\" content=\"fr_FR\" \/>\n<meta property=\"og:type\" content=\"article\" \/>\n<meta property=\"og:title\" content=\"Ile Maurice - SSD prestation\" \/>\n<meta property=\"og:description\" content=\"Maurice est un Etat de droit en Afrique, une d\u00e9mocratie ancienne et une \u00e9conomie dynamique des plus d\u00e9velopp\u00e9es du continent africain (un des tous premiers PIB\/habitant d\u2019Afrique subsaharienne). Ce pays, de 1.865 km2 et de 1,3 M habitants, se caract\u00e9rise par sa situation entre l\u2019Afrique et l\u2019Asie. Maurice est \u00e0 la fois indienne (les indo-mauriciens [&hellip;]\" \/>\n<meta property=\"og:url\" content=\"https:\/\/ssdprestation.com\/index.php\/ile-maurice\/\" \/>\n<meta property=\"og:site_name\" content=\"SSD prestation\" \/>\n<meta property=\"article:publisher\" content=\"https:\/\/www.facebook.com\/SSD-Prestation-408398522686955\/\" \/>\n<meta property=\"article:modified_time\" content=\"2017-07-06T12:59:09+00:00\" \/>\n<meta property=\"og:image\" content=\"http:\/\/ssdprestation.com\/wp-content\/uploads\/2015\/11\/IleMaurice-photo1.jpg\" \/>\n<meta name=\"twitter:card\" content=\"summary\" \/>\n<meta name=\"twitter:label1\" content=\"Dur\u00e9e de lecture est.\" \/>\n\t<meta name=\"twitter:data1\" content=\"2 minutes\" \/>\n<script type=\"application\/ld+json\" class=\"yoast-schema-graph\">{\"@context\":\"https:\/\/schema.org\",\"@graph\":[{\"@type\":\"Organization\",\"@id\":\"https:\/\/ssdprestation.com\/#organization\",\"name\":\"SSD prestation\",\"url\":\"https:\/\/ssdprestation.com\/\",\"sameAs\":[\"https:\/\/www.facebook.com\/SSD-Prestation-408398522686955\/\"],\"logo\":{\"@type\":\"ImageObject\",\"@id\":\"https:\/\/ssdprestation.com\/#logo\",\"inLanguage\":\"fr-FR\",\"url\":\"http:\/\/ssdprestation.com\/wp-content\/uploads\/2015\/11\/logo-SSDprestation_130.jpg\",\"contentUrl\":\"http:\/\/ssdprestation.com\/wp-content\/uploads\/2015\/11\/logo-SSDprestation_130.jpg\",\"width\":129,\"height\":101,\"caption\":\"SSD prestation\"},\"image\":{\"@id\":\"https:\/\/ssdprestation.com\/#logo\"}},{\"@type\":\"WebSite\",\"@id\":\"https:\/\/ssdprestation.com\/#website\",\"url\":\"https:\/\/ssdprestation.com\/\",\"name\":\"SSD prestation\",\"description\":\"Centre d&#039;appels, ile Maurice , call center\",\"publisher\":{\"@id\":\"https:\/\/ssdprestation.com\/#organization\"},\"potentialAction\":[{\"@type\":\"SearchAction\",\"target\":{\"@type\":\"EntryPoint\",\"urlTemplate\":\"https:\/\/ssdprestation.com\/?s={search_term_string}\"},\"query-input\":\"required name=search_term_string\"}],\"inLanguage\":\"fr-FR\"},{\"@type\":\"ImageObject\",\"@id\":\"https:\/\/ssdprestation.com\/index.php\/ile-maurice\/#primaryimage\",\"inLanguage\":\"fr-FR\",\"url\":\"http:\/\/ssdprestation.com\/wp-content\/uploads\/2015\/11\/IleMaurice-photo1.jpg\",\"contentUrl\":\"http:\/\/ssdprestation.com\/wp-content\/uploads\/2015\/11\/IleMaurice-photo1.jpg\"},{\"@type\":\"WebPage\",\"@id\":\"https:\/\/ssdprestation.com\/index.php\/ile-maurice\/#webpage\",\"url\":\"https:\/\/ssdprestation.com\/index.php\/ile-maurice\/\",\"name\":\"Ile Maurice - SSD prestation\",\"isPartOf\":{\"@id\":\"https:\/\/ssdprestation.com\/#website\"},\"primaryImageOfPage\":{\"@id\":\"https:\/\/ssdprestation.com\/index.php\/ile-maurice\/#primaryimage\"},\"datePublished\":\"2015-11-02T17:09:41+00:00\",\"dateModified\":\"2017-07-06T12:59:09+00:00\",\"breadcrumb\":{\"@id\":\"https:\/\/ssdprestation.com\/index.php\/ile-maurice\/#breadcrumb\"},\"inLanguage\":\"fr-FR\",\"potentialAction\":[{\"@type\":\"ReadAction\",\"target\":[\"https:\/\/ssdprestation.com\/index.php\/ile-maurice\/\"]}]},{\"@type\":\"BreadcrumbList\",\"@id\":\"https:\/\/ssdprestation.com\/index.php\/ile-maurice\/#breadcrumb\",\"itemListElement\":[{\"@type\":\"ListItem\",\"position\":1,\"name\":\"Accueil\",\"item\":\"https:\/\/ssdprestation.com\/\"},{\"@type\":\"ListItem\",\"position\":2,\"name\":\"Ile Maurice\"}]}]}<\/script>\n<!-- \/ Yoast SEO plugin. -->","yoast_head_json":{"title":"Ile Maurice - SSD prestation","robots":{"index":"index","follow":"follow","max-snippet":"max-snippet:-1","max-image-preview":"max-image-preview:large","max-video-preview":"max-video-preview:-1"},"canonical":"https:\/\/ssdprestation.com\/index.php\/ile-maurice\/","og_locale":"fr_FR","og_type":"article","og_title":"Ile Maurice - SSD prestation","og_description":"Maurice est un Etat de droit en Afrique, une d\u00e9mocratie ancienne et une \u00e9conomie dynamique des plus d\u00e9velopp\u00e9es du continent africain (un des tous premiers PIB\/habitant d\u2019Afrique subsaharienne). Ce pays, de 1.865 km2 et de 1,3 M habitants, se caract\u00e9rise par sa situation entre l\u2019Afrique et l\u2019Asie. Maurice est \u00e0 la fois indienne (les indo-mauriciens [&hellip;]","og_url":"https:\/\/ssdprestation.com\/index.php\/ile-maurice\/","og_site_name":"SSD prestation","article_publisher":"https:\/\/www.facebook.com\/SSD-Prestation-408398522686955\/","article_modified_time":"2017-07-06T12:59:09+00:00","og_image":[{"url":"http:\/\/ssdprestation.com\/wp-content\/uploads\/2015\/11\/IleMaurice-photo1.jpg"}],"twitter_card":"summary","twitter_misc":{"Dur\u00e9e de lecture est.":"2 minutes"},"schema":{"@context":"https:\/\/schema.org","@graph":[{"@type":"Organization","@id":"https:\/\/ssdprestation.com\/#organization","name":"SSD prestation","url":"https:\/\/ssdprestation.com\/","sameAs":["https:\/\/www.facebook.com\/SSD-Prestation-408398522686955\/"],"logo":{"@type":"ImageObject","@id":"https:\/\/ssdprestation.com\/#logo","inLanguage":"fr-FR","url":"http:\/\/ssdprestation.com\/wp-content\/uploads\/2015\/11\/logo-SSDprestation_130.jpg","contentUrl":"http:\/\/ssdprestation.com\/wp-content\/uploads\/2015\/11\/logo-SSDprestation_130.jpg","width":129,"height":101,"caption":"SSD prestation"},"image":{"@id":"https:\/\/ssdprestation.com\/#logo"}},{"@type":"WebSite","@id":"https:\/\/ssdprestation.com\/#website","url":"https:\/\/ssdprestation.com\/","name":"SSD prestation","description":"Centre d&#039;appels, ile Maurice , call center","publisher":{"@id":"https:\/\/ssdprestation.com\/#organization"},"potentialAction":[{"@type":"SearchAction","target":{"@type":"EntryPoint","urlTemplate":"https:\/\/ssdprestation.com\/?s={search_term_string}"},"query-input":"required name=search_term_string"}],"inLanguage":"fr-FR"},{"@type":"ImageObject","@id":"https:\/\/ssdprestation.com\/index.php\/ile-maurice\/#primaryimage","inLanguage":"fr-FR","url":"http:\/\/ssdprestation.com\/wp-content\/uploads\/2015\/11\/IleMaurice-photo1.jpg","contentUrl":"http:\/\/ssdprestation.com\/wp-content\/uploads\/2015\/11\/IleMaurice-photo1.jpg"},{"@type":"WebPage","@id":"https:\/\/ssdprestation.com\/index.php\/ile-maurice\/#webpage","url":"https:\/\/ssdprestation.com\/index.php\/ile-maurice\/","name":"Ile Maurice - SSD prestation","isPartOf":{"@id":"https:\/\/ssdprestation.com\/#website"},"primaryImageOfPage":{"@id":"https:\/\/ssdprestation.com\/index.php\/ile-maurice\/#primaryimage"},"datePublished":"2015-11-02T17:09:41+00:00","dateModified":"2017-07-06T12:59:09+00:00","breadcrumb":{"@id":"https:\/\/ssdprestation.com\/index.php\/ile-maurice\/#breadcrumb"},"inLanguage":"fr-FR","potentialAction":[{"@type":"ReadAction","target":["https:\/\/ssdprestation.com\/index.php\/ile-maurice\/"]}]},{"@type":"BreadcrumbList","@id":"https:\/\/ssdprestation.com\/index.php\/ile-maurice\/#breadcrumb","itemListElement":[{"@type":"ListItem","position":1,"name":"Accueil","item":"https:\/\/ssdprestation.com\/"},{"@type":"ListItem","position":2,"name":"Ile Maurice"}]}]}},"_links":{"self":[{"href":"https:\/\/ssdprestation.com\/index.php\/wp-json\/wp\/v2\/pages\/15"}],"collection":[{"href":"https:\/\/ssdprestation.com\/index.php\/wp-json\/wp\/v2\/pages"}],"about":[{"href":"https:\/\/ssdprestation.com\/index.php\/wp-json\/wp\/v2\/types\/page"}],"author":[{"embeddable":true,"href":"https:\/\/ssdprestation.com\/index.php\/wp-json\/wp\/v2\/users\/1"}],"replies":[{"embeddable":true,"href":"https:\/\/ssdprestation.com\/index.php\/wp-json\/wp\/v2\/comments?post=15"}],"version-history":[{"count":16,"href":"https:\/\/ssdprestation.com\/index.php\/wp-json\/wp\/v2\/pages\/15\/revisions"}],"predecessor-version":[{"id":300,"href":"https:\/\/ssdprestation.com\/index.php\/wp-json\/wp\/v2\/pages\/15\/revisions\/300"}],"wp:attachment":[{"href":"https:\/\/ssdprestation.com\/index.php\/wp-json\/wp\/v2\/media?parent=15"}],"curies":[{"name":"wp","href":"https:\/\/api.w.org\/{rel}","templated":true}]}}